{"id":370838,"date":"2024-10-20T14:32:35","date_gmt":"2024-10-20T14:32:35","guid":{"rendered":"https:\/\/irankiuzona.lt\/product\/fiksavimo-kaisciu-komplektas-555daliu\/"},"modified":"2026-04-09T17:40:01","modified_gmt":"2026-04-09T17:40:01","slug":"fiksavimo-kaisciu-komplektas-555daliu","status":"publish","type":"product","link":"https:\/\/irankiuzona.lt\/ru\/product\/fiksavimo-kaisciu-komplektas-555daliu\/","title":{"rendered":"Fiksavimo kai\u0161\u010di\u0173 komplektas 555dali\u0173"},"content":{"rendered":"<p>Rinkinyje yra ties\u016bs, i\u0161lenkti, \u012fvairi\u0173 dyd\u017ei\u0173 kai\u0161\u010diai. Ties\u016bs kai\u0161\u010diai naudojami komponentams, pritvirtintiems ant a\u0161i\u0173, velen\u0173, a\u0161i\u0173 ir var\u017et\u0173, tvirtinti.\u00a0Naudojami automobili\u0173 dirbtuv\u0117se ir remonto dirbtuv\u0117se.> pagaminti i\u0161 plieno;> 6 skirtingi dyd\u017eiai;> patogioje d\u0117\u017eut\u0117je su skyriais.Komplekte:1,6mm x 25mm x 150 vnt.2,5mm x 25mm x 150 vnt.2,5mm x 38mm x 100 vnt.3,2mm x 32mm x 75 vnt.3,2mm x 50mm x 50 vnt.4,0mm x 64mm x 30 vnt.<\/p>","protected":false},"excerpt":{"rendered":"<p>Tvirtinimo-fiksavimo kai\u0161\u010diai 555vnt. \/ 1,6 &#8211; 4,0 mm<\/p>","protected":false},"featured_media":186636,"comment_status":"open","ping_status":"open","template":"","meta":[],"product_cat":[9438],"product_tag":[9969],"class_list":{"0":"post-370838","1":"product","2":"type-product","3":"status-publish","4":"has-post-thumbnail","6":"product_brand-hogert-technik-vokietija","7":"product_cat-tarpines-savarzos-smeiges-kaisciai-ir-kiti-rinkiniai","8":"product_tag-hogert-technik-vokietija","10":"first","11":"instock","12":"purchasable","13":"product-type-simple"},"jetpack_sharing_enabled":true,"_links":{"self":[{"href":"https:\/\/irankiuzona.lt\/ru\/wp-json\/wp\/v2\/product\/370838","targetHints":{"allow":["GET"]}}],"collection":[{"href":"https:\/\/irankiuzona.lt\/ru\/wp-json\/wp\/v2\/product"}],"about":[{"href":"https:\/\/irankiuzona.lt\/ru\/wp-json\/wp\/v2\/types\/product"}],"replies":[{"embeddable":true,"href":"https:\/\/irankiuzona.lt\/ru\/wp-json\/wp\/v2\/comments?post=370838"}],"version-history":[{"count":1,"href":"https:\/\/irankiuzona.lt\/ru\/wp-json\/wp\/v2\/product\/370838\/revisions"}],"predecessor-version":[{"id":418734,"href":"https:\/\/irankiuzona.lt\/ru\/wp-json\/wp\/v2\/product\/370838\/revisions\/418734"}],"wp:featuredmedia":[{"embeddable":true,"href":"https:\/\/irankiuzona.lt\/ru\/wp-json\/wp\/v2\/media\/186636"}],"wp:attachment":[{"href":"https:\/\/irankiuzona.lt\/ru\/wp-json\/wp\/v2\/media?parent=370838"}],"wp:term":[{"taxonomy":"product_cat","embeddable":true,"href":"https:\/\/irankiuzona.lt\/ru\/wp-json\/wp\/v2\/product_cat?post=370838"},{"taxonomy":"product_tag","embeddable":true,"href":"https:\/\/irankiuzona.lt\/ru\/wp-json\/wp\/v2\/product_tag?post=370838"}],"curies":[{"name":"wp","href":"https:\/\/api.w.org\/{rel}","templated":true}]}}