{"id":370842,"date":"2024-10-20T14:32:49","date_gmt":"2024-10-20T14:32:49","guid":{"rendered":"https:\/\/irankiuzona.lt\/product\/adapteris-nuorinimo-irankiui\/"},"modified":"2026-04-09T17:40:14","modified_gmt":"2026-04-09T17:40:14","slug":"adapteris-nuorinimo-irankiui","status":"publish","type":"product","link":"https:\/\/irankiuzona.lt\/ru\/product\/adapteris-nuorinimo-irankiui\/","title":{"rendered":"Adapteris nuorinimo \u012frankiui"},"content":{"rendered":"","protected":false},"excerpt":{"rendered":"<p>Adapteris nuorinimo \u012frankiuiTinka 9mm storio stabd\u017ei\u0173 nuorinimo \u017earnom<\/p>","protected":false},"featured_media":186676,"comment_status":"open","ping_status":"open","template":"","meta":[],"product_cat":[9534],"product_tag":[9435],"class_list":{"0":"post-370842","1":"product","2":"type-product","3":"status-publish","4":"has-post-thumbnail","6":"product_brand-kinija","7":"product_cat-stabdziu-remonto-nuorinimo-irankiai","8":"product_tag-kinija","10":"first","11":"instock","12":"purchasable","13":"product-type-simple"},"jetpack_sharing_enabled":true,"_links":{"self":[{"href":"https:\/\/irankiuzona.lt\/ru\/wp-json\/wp\/v2\/product\/370842","targetHints":{"allow":["GET"]}}],"collection":[{"href":"https:\/\/irankiuzona.lt\/ru\/wp-json\/wp\/v2\/product"}],"about":[{"href":"https:\/\/irankiuzona.lt\/ru\/wp-json\/wp\/v2\/types\/product"}],"replies":[{"embeddable":true,"href":"https:\/\/irankiuzona.lt\/ru\/wp-json\/wp\/v2\/comments?post=370842"}],"version-history":[{"count":1,"href":"https:\/\/irankiuzona.lt\/ru\/wp-json\/wp\/v2\/product\/370842\/revisions"}],"predecessor-version":[{"id":418754,"href":"https:\/\/irankiuzona.lt\/ru\/wp-json\/wp\/v2\/product\/370842\/revisions\/418754"}],"wp:featuredmedia":[{"embeddable":true,"href":"https:\/\/irankiuzona.lt\/ru\/wp-json\/wp\/v2\/media\/186676"}],"wp:attachment":[{"href":"https:\/\/irankiuzona.lt\/ru\/wp-json\/wp\/v2\/media?parent=370842"}],"wp:term":[{"taxonomy":"product_cat","embeddable":true,"href":"https:\/\/irankiuzona.lt\/ru\/wp-json\/wp\/v2\/product_cat?post=370842"},{"taxonomy":"product_tag","embeddable":true,"href":"https:\/\/irankiuzona.lt\/ru\/wp-json\/wp\/v2\/product_tag?post=370842"}],"curies":[{"name":"wp","href":"https:\/\/api.w.org\/{rel}","templated":true}]}}