{"id":370865,"date":"2024-10-20T14:36:27","date_gmt":"2024-10-20T14:36:27","guid":{"rendered":"https:\/\/irankiuzona.lt\/product\/irankiu-komplektas-aliuminiame-lagamine-187daliu\/"},"modified":"2026-04-16T20:27:29","modified_gmt":"2026-04-16T20:27:29","slug":"irankiu-komplektas-aliuminiame-lagamine-187daliu","status":"publish","type":"product","link":"https:\/\/irankiuzona.lt\/ru\/product\/irankiu-komplektas-aliuminiame-lagamine-187daliu\/","title":{"rendered":"\u012eranki\u0173 komplektas aliuminiame lagamine 187dali\u0173"},"content":{"rendered":"<p>Techniniai duomenys:<br \/>\n\u012erankio med\u017eiaga: c45 plienas ir Cr-V chromo vanadisLagamino matmenys (auk\u0161tis \/ plotis \/ ilgis): 49x36x18cmMaks. Auk\u0161tis su rankena: 96cmKomplekt\u0105 sudaro:<br \/>\nPirmas stal\u010dius:Terk\u0161l\u0117 1\/2Terk\u0161l\u0117 1\/4Rankena 1\/4 galvut\u0117ms slankiojan\u010dia jungtimiRankena 1\/2 galvut\u0117ms slankiojan\u010dia jungtimiKardanin\u0117 jungtis 1\/4Kardanin\u0117 jungtis 1\/2Atsuktuvo tipo rankena 1\/4 galvut\u0117ms1\/4 prailgintojas 50mm; 100mm1\/4 lankstus prailgintojas 140mm1\/2 prailgintojas 120mm1\/2 \u017evakin\u0117s galvut\u0117s 16mm; 21mm1\/4 galvut\u0117s 4mm;4,5mm;5mm;5,5mm;6mm;6,5mm;7mm;7,5mm;8mm;9mm;10mm;11mm;12mm;13mm;14mm.1\/2 galvut\u0117s 8mm;9mm;10mm;11mm;12mm;13mm;14mm;15mm;16mm;17mm;18mm;19mm;20mm;30mm<br \/>\nAntras stal\u010dius:Atsuktuvai: PH2x100mm;PH3x150mm;SL6x100mm;PH1x75mm;SL5x75mm;PH0x75mm;PH0x100mm;SL3x75mm;SL3x100mm;PH2x38mm;SL6x38mm.Izoliuoti atsuktuvai: PH1x100mm;SL5,5x125mm;SL4x100mm.Atsuktuvas indikatoriusTerk\u0161linis atsuktuvas bit angaliukams.Adapteris bit angaliukams Sl\u0117gio matuoklisL formos \u0161e\u0161iakampiai: H1,5;H2;H2,5;H3;H4;H5;H5,5;H6 H1\/16;H5\/54;H3\/32;H1\/8;H5\/32;H3\/16;H7\/32;H1\/4Bit angaliukai: PH0;PH1;PH2;PH3;PZ0;PZ1;PZ2;PZ3;T10;T15;T20;T25;T30;T40;S1;S2;S3;SL5\/32;SL3\/16;SL1\/4;SL9\/32;H1,5;H2;H3;H4;H5;H6;H7;H3\/32;H1\/8;H5\/32;H3\/16;H1\/4.Precizini\u0173 atsuktuv\u0173 komplektas<br \/>\nTre\u010dias stal\u010dius:Elektriko repl\u0117sIzoliacija\u017dirkl\u0117sPeilis i\u0161traukiamasKlij\u0173 pistoletas PlaktukasGul\u0161\u010diukasRulet\u0117 5mU\u017espaud\u0117jaiTvirtinimo element\u0173 rinkinys (vinys,var\u017etai)<br \/>\nKetvirtas stal\u010dius:Kombinuoti raktai: 8mm;9mm;10mm;11mm;12mm;13mm;14mm;15mm;17mmKerpan\u010dios repl\u0117sUniversalios repl\u0117sRepl\u0117s ilgais galaisSantechnin\u0117s repl\u0117sReguliuojamas raktas<\/p>","protected":false},"excerpt":{"rendered":"<p>\u012eranki\u0173 komplektas aliuminiame lagamine 187dali\u0173\u012eranki\u0173 rinkinys lagamine.\u00a0Aliuminio d\u0117klas su ratukais ir teleskopine rankena, skirta transportuoti rinkin\u012f (kaip kelionin\u012f lagamin\u0105). Keturi i\u0161traukiami stal\u010diai su \u012frankiais.<\/p>","protected":false},"featured_media":187440,"comment_status":"open","ping_status":"open","template":"","meta":[],"product_cat":[9612],"product_tag":[9435],"class_list":{"0":"post-370865","1":"product","2":"type-product","3":"status-publish","4":"has-post-thumbnail","6":"product_brand-kinija","7":"product_cat-irankiu-komplektai-su-priedais","8":"product_tag-kinija","10":"first","11":"outofstock","12":"purchasable","13":"product-type-simple"},"jetpack_sharing_enabled":true,"_links":{"self":[{"href":"https:\/\/irankiuzona.lt\/ru\/wp-json\/wp\/v2\/product\/370865","targetHints":{"allow":["GET"]}}],"collection":[{"href":"https:\/\/irankiuzona.lt\/ru\/wp-json\/wp\/v2\/product"}],"about":[{"href":"https:\/\/irankiuzona.lt\/ru\/wp-json\/wp\/v2\/types\/product"}],"replies":[{"embeddable":true,"href":"https:\/\/irankiuzona.lt\/ru\/wp-json\/wp\/v2\/comments?post=370865"}],"version-history":[{"count":1,"href":"https:\/\/irankiuzona.lt\/ru\/wp-json\/wp\/v2\/product\/370865\/revisions"}],"predecessor-version":[{"id":419112,"href":"https:\/\/irankiuzona.lt\/ru\/wp-json\/wp\/v2\/product\/370865\/revisions\/419112"}],"wp:featuredmedia":[{"embeddable":true,"href":"https:\/\/irankiuzona.lt\/ru\/wp-json\/wp\/v2\/media\/187440"}],"wp:attachment":[{"href":"https:\/\/irankiuzona.lt\/ru\/wp-json\/wp\/v2\/media?parent=370865"}],"wp:term":[{"taxonomy":"product_cat","embeddable":true,"href":"https:\/\/irankiuzona.lt\/ru\/wp-json\/wp\/v2\/product_cat?post=370865"},{"taxonomy":"product_tag","embeddable":true,"href":"https:\/\/irankiuzona.lt\/ru\/wp-json\/wp\/v2\/product_tag?post=370865"}],"curies":[{"name":"wp","href":"https:\/\/api.w.org\/{rel}","templated":true}]}}