{"id":370867,"date":"2024-10-20T14:36:34","date_gmt":"2024-10-20T14:36:34","guid":{"rendered":"https:\/\/irankiuzona.lt\/product\/variklio-grandines-issitampymo-tikrinimo-kaistis-bmw-mini\/"},"modified":"2026-04-20T13:22:51","modified_gmt":"2026-04-20T13:22:51","slug":"variklio-grandines-issitampymo-tikrinimo-kaistis-bmw-mini","status":"publish","type":"product","link":"https:\/\/irankiuzona.lt\/ru\/product\/variklio-grandines-issitampymo-tikrinimo-kaistis-bmw-mini\/","title":{"rendered":"Variklio grandin\u0117s i\u0161sitampymo tikrinimo kai\u0161tis BMW\/MINI"},"content":{"rendered":"<p>Tinka varikliams:\u00a0N20, N26, N43, N45, N46Timing Chain Control Pin, for BMW \/ Mini engines<\/p>\n<p>to check for wear (chain elongation) of the timing chain without dismantling the enginethis control should be carried out regularly at customer services<br \/>\nin BMW seris 1 (E81, E82, E87, E88, F20, F21), 2 (F22, F23), 3 (E90, E91, E92, E93, F30, F31, F34), 4 Cabriolet (F32, F33, F36) , 4 Gran Coupe (F36) (14-), 5 (E60, E61, F07, F10, F11), X1 (E84), X3 (F25), X4 (F26), X5 (F15) and Z4 (E89)<br \/>\nin Mini Clubman, Clubvan, Countryman, Coup\u00e9, Mini, Paceman and Roadster<\/p>\n<p>for engine codes:\u00a0N20, N26, N43, N45, N46<\/p>","protected":false},"excerpt":{"rendered":"<p>Variklio grandin\u0117s i\u0161sitampymo tikrinimo kai\u0161tis BMW\/MINI<\/p>","protected":false},"featured_media":187462,"comment_status":"open","ping_status":"open","template":"","meta":[],"product_cat":[9689],"product_tag":[9462],"class_list":{"0":"post-370867","1":"product","2":"type-product","3":"status-publish","4":"has-post-thumbnail","6":"product_brand-condor-werkzeug-vokietija","7":"product_cat-bmw-blokatoriai","8":"product_tag-condor-werkzeug-vokietija","10":"first","11":"instock","12":"purchasable","13":"product-type-simple"},"jetpack_sharing_enabled":true,"_links":{"self":[{"href":"https:\/\/irankiuzona.lt\/ru\/wp-json\/wp\/v2\/product\/370867","targetHints":{"allow":["GET"]}}],"collection":[{"href":"https:\/\/irankiuzona.lt\/ru\/wp-json\/wp\/v2\/product"}],"about":[{"href":"https:\/\/irankiuzona.lt\/ru\/wp-json\/wp\/v2\/types\/product"}],"replies":[{"embeddable":true,"href":"https:\/\/irankiuzona.lt\/ru\/wp-json\/wp\/v2\/comments?post=370867"}],"version-history":[{"count":1,"href":"https:\/\/irankiuzona.lt\/ru\/wp-json\/wp\/v2\/product\/370867\/revisions"}],"predecessor-version":[{"id":419122,"href":"https:\/\/irankiuzona.lt\/ru\/wp-json\/wp\/v2\/product\/370867\/revisions\/419122"}],"wp:featuredmedia":[{"embeddable":true,"href":"https:\/\/irankiuzona.lt\/ru\/wp-json\/wp\/v2\/media\/187462"}],"wp:attachment":[{"href":"https:\/\/irankiuzona.lt\/ru\/wp-json\/wp\/v2\/media?parent=370867"}],"wp:term":[{"taxonomy":"product_cat","embeddable":true,"href":"https:\/\/irankiuzona.lt\/ru\/wp-json\/wp\/v2\/product_cat?post=370867"},{"taxonomy":"product_tag","embeddable":true,"href":"https:\/\/irankiuzona.lt\/ru\/wp-json\/wp\/v2\/product_tag?post=370867"}],"curies":[{"name":"wp","href":"https:\/\/api.w.org\/{rel}","templated":true}]}}