{"id":370869,"date":"2024-10-20T14:37:05","date_gmt":"2024-10-20T14:37:05","guid":{"rendered":"https:\/\/irankiuzona.lt\/product\/atrama-750kg-1360-2030mm\/"},"modified":"2026-04-16T13:18:20","modified_gmt":"2026-04-16T13:18:20","slug":"atrama-750kg-1360-2030mm","status":"publish","type":"product","link":"https:\/\/irankiuzona.lt\/ru\/product\/atrama-750kg-1360-2030mm\/","title":{"rendered":"Atrama 750kg \/ 1360-2030mm"},"content":{"rendered":"<p>Keliamoji galia 0.75 Ton (750 kg)Min auk\u0161tis 1360 mmMax auk\u0161tis 2030 mmPakuot\u0117s matmenys 1410 x 370 x 65 mmSvoris 18.8 kg<\/p>","protected":false},"excerpt":{"rendered":"<p>Mechaninis domkratas, atrama 0.75 Ton \/ K\u0117limo auk\u0161tis 1360mm &#8211; 2030mm<\/p>","protected":false},"featured_media":187582,"comment_status":"open","ping_status":"open","template":"","meta":[],"product_cat":[9929],"product_tag":[9435],"class_list":{"0":"post-370869","1":"product","2":"type-product","3":"status-publish","4":"has-post-thumbnail","6":"product_brand-kinija","7":"product_cat-keltuvai-greiciu-dezems","8":"product_tag-kinija","10":"first","11":"outofstock","12":"purchasable","13":"product-type-simple"},"jetpack_sharing_enabled":true,"_links":{"self":[{"href":"https:\/\/irankiuzona.lt\/ru\/wp-json\/wp\/v2\/product\/370869","targetHints":{"allow":["GET"]}}],"collection":[{"href":"https:\/\/irankiuzona.lt\/ru\/wp-json\/wp\/v2\/product"}],"about":[{"href":"https:\/\/irankiuzona.lt\/ru\/wp-json\/wp\/v2\/types\/product"}],"replies":[{"embeddable":true,"href":"https:\/\/irankiuzona.lt\/ru\/wp-json\/wp\/v2\/comments?post=370869"}],"version-history":[{"count":1,"href":"https:\/\/irankiuzona.lt\/ru\/wp-json\/wp\/v2\/product\/370869\/revisions"}],"predecessor-version":[{"id":419181,"href":"https:\/\/irankiuzona.lt\/ru\/wp-json\/wp\/v2\/product\/370869\/revisions\/419181"}],"wp:featuredmedia":[{"embeddable":true,"href":"https:\/\/irankiuzona.lt\/ru\/wp-json\/wp\/v2\/media\/187582"}],"wp:attachment":[{"href":"https:\/\/irankiuzona.lt\/ru\/wp-json\/wp\/v2\/media?parent=370869"}],"wp:term":[{"taxonomy":"product_cat","embeddable":true,"href":"https:\/\/irankiuzona.lt\/ru\/wp-json\/wp\/v2\/product_cat?post=370869"},{"taxonomy":"product_tag","embeddable":true,"href":"https:\/\/irankiuzona.lt\/ru\/wp-json\/wp\/v2\/product_tag?post=370869"}],"curies":[{"name":"wp","href":"https:\/\/api.w.org\/{rel}","templated":true}]}}