{"id":370920,"date":"2024-10-20T14:43:35","date_gmt":"2024-10-20T14:43:35","guid":{"rendered":"https:\/\/irankiuzona.lt\/product\/irankiu-komplektas-1-41-2-108daliu-6-kamp\/"},"modified":"2026-05-09T17:30:25","modified_gmt":"2026-05-09T17:30:25","slug":"irankiu-komplektas-1-41-2-108daliu-6-kamp","status":"publish","type":"product","link":"https:\/\/irankiuzona.lt\/ru\/product\/irankiu-komplektas-1-41-2-108daliu-6-kamp\/","title":{"rendered":"\u012eranki\u0173 komplektas 1\/4+1\/2 108dali\u0173 (6-kamp.)"},"content":{"rendered":"<p>13 vnt. 1\/4\u201c Galvut\u0117s 4, 4.5, 5, 5.5, 6, 7, 8, 9, 10, 11, 12, 13, 14 mm8 vnt. 1\/4\u201c Prailgintos galvut\u0117s 6, 7, 8, 9, 10, 11, 12, 13 mm5 vnt. 1\/4\u201c E-TORX galvut\u0117s E4, E5, E6, E7, E81 vnt. 1\/4\u201c Terk\u0161l\u0117, 45 dantukai1 vnt. 1\/4\u201c Universali jungtis1 vnt. 1\/4\u201c Suktukas2 vnt. 1\/4\u201c Prailginimo rankena 50 ir 75 mm1 vnt. 1\/4\u201c Rankena su slankiojan\u010diu kvadratu18 vnt. 1\/4\u201c Galvu\u010di\u0173 antgaliaiPhillips #1, #2HEX 3, 4, 5, 6 mmPlok\u0161ti 4, 5.5, 6.5 mmPozidriv #1, #2TORX T8, T10, T15, T20, T25, T27, T3017 vnt. 1\/2\u201c Galvut\u0117s 10, 11, 12, 13, 14, 15, 16, 17, 18, 19, 20, 21, 22, 24, 27, 30, 32 mm5 vnt. 1\/2\u201c Prailgintos galvut\u0117s 14, 15, 17, 19, 22 mm8 vnt. 1\/2\u201c E-TORX galvut\u0117s E10, E11, E12, E14, E16, E18, E20, E241 vnt. 1\/2\u201c Terk\u0161l\u0117, 45 dantukai2 vnt. 1\/2\u201c Prailginimo rankena 125 ir 250 mm1 vnt. 1\/2\u201c Universali jungtis1 vnt. 1\/2\u201c 3 kryp\u010di\u0173 adapteris2 vnt. 1\/2\u201c Galvut\u0117s \u017evakei 16 ir 21 mm1 vnt. 1\/2\u201c Galvut\u0117s mova3 vnt. L-tipo \u0161e\u0161iakampiai raktai 1.5, 2, 2.5 mm17 vnt. Antgaliai HEX 7, 8, 10, 12, 14 mmPlok\u0161ti 8, 10, 12 mmPozidriv #3, #4TORX T40, T45, T50, T55, T60Med\u017eiaga CR-V<\/p>","protected":false},"excerpt":{"rendered":"<p>Dviej\u0173 terk\u0161li\u0173 \u012franki\u0173 komplektas 1\/4+1\/2 108dali\u0173 su \u0161e\u0161iakamp\u0117mis galvut\u0117mis + E-profil<\/p>","protected":false},"featured_media":189012,"comment_status":"open","ping_status":"open","template":"","meta":[],"product_cat":[9491],"product_tag":[9435],"class_list":{"0":"post-370920","1":"product","2":"type-product","3":"status-publish","4":"has-post-thumbnail","6":"product_brand-kinija","7":"product_cat-kombinuoti-irankiu-komplektai-1-4-3-8-1-2","8":"product_tag-kinija","10":"first","11":"outofstock","12":"purchasable","13":"product-type-simple"},"jetpack_sharing_enabled":true,"_links":{"self":[{"href":"https:\/\/irankiuzona.lt\/ru\/wp-json\/wp\/v2\/product\/370920","targetHints":{"allow":["GET"]}}],"collection":[{"href":"https:\/\/irankiuzona.lt\/ru\/wp-json\/wp\/v2\/product"}],"about":[{"href":"https:\/\/irankiuzona.lt\/ru\/wp-json\/wp\/v2\/types\/product"}],"replies":[{"embeddable":true,"href":"https:\/\/irankiuzona.lt\/ru\/wp-json\/wp\/v2\/comments?post=370920"}],"version-history":[{"count":1,"href":"https:\/\/irankiuzona.lt\/ru\/wp-json\/wp\/v2\/product\/370920\/revisions"}],"predecessor-version":[{"id":419800,"href":"https:\/\/irankiuzona.lt\/ru\/wp-json\/wp\/v2\/product\/370920\/revisions\/419800"}],"wp:featuredmedia":[{"embeddable":true,"href":"https:\/\/irankiuzona.lt\/ru\/wp-json\/wp\/v2\/media\/189012"}],"wp:attachment":[{"href":"https:\/\/irankiuzona.lt\/ru\/wp-json\/wp\/v2\/media?parent=370920"}],"wp:term":[{"taxonomy":"product_cat","embeddable":true,"href":"https:\/\/irankiuzona.lt\/ru\/wp-json\/wp\/v2\/product_cat?post=370920"},{"taxonomy":"product_tag","embeddable":true,"href":"https:\/\/irankiuzona.lt\/ru\/wp-json\/wp\/v2\/product_tag?post=370920"}],"curies":[{"name":"wp","href":"https:\/\/api.w.org\/{rel}","templated":true}]}}