{"id":370946,"date":"2024-10-20T14:47:44","date_gmt":"2024-10-20T14:47:44","guid":{"rendered":"https:\/\/irankiuzona.lt\/product\/multimetras-skaitmeninis-full-smart\/"},"modified":"2026-05-15T01:45:28","modified_gmt":"2026-05-15T01:45:28","slug":"multimetras-skaitmeninis-full-smart","status":"publish","type":"product","link":"https:\/\/irankiuzona.lt\/ru\/product\/multimetras-skaitmeninis-full-smart\/","title":{"rendered":"Multimetras skaitmeninis Full-Smart"},"content":{"rendered":"<p>SMART funkcija \u2013 matuoklis pats atpa\u017e\u012fsta i\u0161matuot\u0105 parametr\u0105 ir automati\u0161kai sureguliuojanuolatin\u0117s ir kintamosios \u012ftampos matavimo diapazonus (AUTO RANGE), diodo bandymas arba var\u017eaSELECT funkcija &#8211; bekontaktiniam NCV \/ talpos \/ da\u017enio \/ srov\u0117s matavimui;TRUE RMS funkcija &#8211; tikslus efektyviosios srov\u0117s vert\u0117s nustatymas tiek sinusin\u0117s, tiek i\u0161kraipytos bangos formoms;NCV leid\u017eia nekontaktiniu b\u016bdu aptikti srov\u0119 laiduose;DATA HOLD funkcija leid\u017eia i\u0161saugoti i\u0161matuot\u0105 vert\u0119 ekrane;Automatinio i\u0161sijungimo funkcija;Maitinimas 2&#215;1,5 V AAA baterijomis;Korpuso gale yra atrama.<br \/>\nAC \u012ftampos matavimas: 0-600VDC \u012ftampos matavimas: 0-600VAC srov\u0117s matavimas: maks. 10 A.DC\u00a0srov\u0117s matavimas: maks. 10 A.Talpos matavimas: maks. 60 mFAtsparumo matavimas: 60 M\u03a9Da\u017enio matavimas: 20 mHzBaterijos i\u0161matavimai: 1,5 \/ 9V<\/p>","protected":false},"excerpt":{"rendered":"<p>Multimetras skaitmeninis Full-Smart<\/p>","protected":false},"featured_media":189790,"comment_status":"open","ping_status":"open","template":"","meta":[],"product_cat":[9679],"product_tag":[9969],"class_list":{"0":"post-370946","1":"product","2":"type-product","3":"status-publish","4":"has-post-thumbnail","6":"product_brand-hogert-technik-vokietija","7":"product_cat-elektriko-testeriai-ivairus-matuokliai","8":"product_tag-hogert-technik-vokietija","10":"first","11":"instock","12":"purchasable","13":"product-type-simple"},"jetpack_sharing_enabled":true,"_links":{"self":[{"href":"https:\/\/irankiuzona.lt\/ru\/wp-json\/wp\/v2\/product\/370946","targetHints":{"allow":["GET"]}}],"collection":[{"href":"https:\/\/irankiuzona.lt\/ru\/wp-json\/wp\/v2\/product"}],"about":[{"href":"https:\/\/irankiuzona.lt\/ru\/wp-json\/wp\/v2\/types\/product"}],"replies":[{"embeddable":true,"href":"https:\/\/irankiuzona.lt\/ru\/wp-json\/wp\/v2\/comments?post=370946"}],"version-history":[{"count":1,"href":"https:\/\/irankiuzona.lt\/ru\/wp-json\/wp\/v2\/product\/370946\/revisions"}],"predecessor-version":[{"id":420157,"href":"https:\/\/irankiuzona.lt\/ru\/wp-json\/wp\/v2\/product\/370946\/revisions\/420157"}],"wp:featuredmedia":[{"embeddable":true,"href":"https:\/\/irankiuzona.lt\/ru\/wp-json\/wp\/v2\/media\/189790"}],"wp:attachment":[{"href":"https:\/\/irankiuzona.lt\/ru\/wp-json\/wp\/v2\/media?parent=370946"}],"wp:term":[{"taxonomy":"product_cat","embeddable":true,"href":"https:\/\/irankiuzona.lt\/ru\/wp-json\/wp\/v2\/product_cat?post=370946"},{"taxonomy":"product_tag","embeddable":true,"href":"https:\/\/irankiuzona.lt\/ru\/wp-json\/wp\/v2\/product_tag?post=370946"}],"curies":[{"name":"wp","href":"https:\/\/api.w.org\/{rel}","templated":true}]}}