{"id":370964,"date":"2024-10-20T14:49:41","date_gmt":"2024-10-20T14:49:41","guid":{"rendered":"https:\/\/irankiuzona.lt\/product\/pakopiniu-graztu-ir-frezu-k-tas-6vnt\/"},"modified":"2026-04-04T08:16:13","modified_gmt":"2026-04-04T08:16:13","slug":"pakopiniu-graztu-ir-frezu-k-tas-6vnt","status":"publish","type":"product","link":"https:\/\/irankiuzona.lt\/ru\/product\/pakopiniu-graztu-ir-frezu-k-tas-6vnt\/","title":{"rendered":"Pakopini\u0173 gr\u0105\u017et\u0173 ir frez\u0173 k-tas *6vnt"},"content":{"rendered":"","protected":false},"excerpt":{"rendered":"<p>Pakopini\u0173 gr\u0105\u017et\u0173 ir frez\u0173 k-tas *6vnt<\/p>","protected":false},"featured_media":190298,"comment_status":"open","ping_status":"open","template":"","meta":[],"product_cat":[9623],"product_tag":[10087],"class_list":{"0":"post-370964","1":"product","2":"type-product","3":"status-publish","4":"has-post-thumbnail","6":"product_brand-verke","7":"product_cat-pakopiniu-graztu-komplektai","8":"product_tag-verke","10":"first","11":"instock","12":"purchasable","13":"product-type-simple"},"jetpack_sharing_enabled":true,"_links":{"self":[{"href":"https:\/\/irankiuzona.lt\/ru\/wp-json\/wp\/v2\/product\/370964","targetHints":{"allow":["GET"]}}],"collection":[{"href":"https:\/\/irankiuzona.lt\/ru\/wp-json\/wp\/v2\/product"}],"about":[{"href":"https:\/\/irankiuzona.lt\/ru\/wp-json\/wp\/v2\/types\/product"}],"replies":[{"embeddable":true,"href":"https:\/\/irankiuzona.lt\/ru\/wp-json\/wp\/v2\/comments?post=370964"}],"version-history":[{"count":0,"href":"https:\/\/irankiuzona.lt\/ru\/wp-json\/wp\/v2\/product\/370964\/revisions"}],"wp:featuredmedia":[{"embeddable":true,"href":"https:\/\/irankiuzona.lt\/ru\/wp-json\/wp\/v2\/media\/190298"}],"wp:attachment":[{"href":"https:\/\/irankiuzona.lt\/ru\/wp-json\/wp\/v2\/media?parent=370964"}],"wp:term":[{"taxonomy":"product_cat","embeddable":true,"href":"https:\/\/irankiuzona.lt\/ru\/wp-json\/wp\/v2\/product_cat?post=370964"},{"taxonomy":"product_tag","embeddable":true,"href":"https:\/\/irankiuzona.lt\/ru\/wp-json\/wp\/v2\/product_tag?post=370964"}],"curies":[{"name":"wp","href":"https:\/\/api.w.org\/{rel}","templated":true}]}}