{"id":371004,"date":"2024-10-20T14:57:15","date_gmt":"2024-10-20T14:57:15","guid":{"rendered":"https:\/\/irankiuzona.lt\/product\/terksliniu-raktu-vartomu-galu-komplektas-12vnt-8-19mm\/"},"modified":"2026-04-13T21:42:47","modified_gmt":"2026-04-13T21:42:47","slug":"terksliniu-raktu-vartomu-galu-komplektas-12vnt-8-19mm","status":"publish","type":"product","link":"https:\/\/irankiuzona.lt\/ru\/product\/terksliniu-raktu-vartomu-galu-komplektas-12vnt-8-19mm\/","title":{"rendered":"Terk\u0161lini\u0173 rakt\u0173 vartomu galu komplektas 12vnt.8-19mm"},"content":{"rendered":"<p>8-19mm.<\/p>","protected":false},"excerpt":{"rendered":"<p>Terk\u0161lini\u0173 rakt\u0173 vartomu galu komplektas 12vnt.8-19mm<\/p>","protected":false},"featured_media":191878,"comment_status":"open","ping_status":"open","template":"","meta":[],"product_cat":[9610],"product_tag":[10104],"class_list":{"0":"post-371004","1":"product","2":"type-product","3":"status-publish","4":"has-post-thumbnail","6":"product_brand-kraftdele","7":"product_cat-terksliniu-raktu-komplektai","8":"product_tag-kraftdele","10":"first","11":"instock","12":"purchasable","13":"product-type-simple"},"jetpack_sharing_enabled":true,"_links":{"self":[{"href":"https:\/\/irankiuzona.lt\/ru\/wp-json\/wp\/v2\/product\/371004","targetHints":{"allow":["GET"]}}],"collection":[{"href":"https:\/\/irankiuzona.lt\/ru\/wp-json\/wp\/v2\/product"}],"about":[{"href":"https:\/\/irankiuzona.lt\/ru\/wp-json\/wp\/v2\/types\/product"}],"replies":[{"embeddable":true,"href":"https:\/\/irankiuzona.lt\/ru\/wp-json\/wp\/v2\/comments?post=371004"}],"version-history":[{"count":1,"href":"https:\/\/irankiuzona.lt\/ru\/wp-json\/wp\/v2\/product\/371004\/revisions"}],"predecessor-version":[{"id":421130,"href":"https:\/\/irankiuzona.lt\/ru\/wp-json\/wp\/v2\/product\/371004\/revisions\/421130"}],"wp:featuredmedia":[{"embeddable":true,"href":"https:\/\/irankiuzona.lt\/ru\/wp-json\/wp\/v2\/media\/191878"}],"wp:attachment":[{"href":"https:\/\/irankiuzona.lt\/ru\/wp-json\/wp\/v2\/media?parent=371004"}],"wp:term":[{"taxonomy":"product_cat","embeddable":true,"href":"https:\/\/irankiuzona.lt\/ru\/wp-json\/wp\/v2\/product_cat?post=371004"},{"taxonomy":"product_tag","embeddable":true,"href":"https:\/\/irankiuzona.lt\/ru\/wp-json\/wp\/v2\/product_tag?post=371004"}],"curies":[{"name":"wp","href":"https:\/\/api.w.org\/{rel}","templated":true}]}}