{"id":371008,"date":"2024-10-20T14:57:24","date_gmt":"2024-10-20T14:57:24","guid":{"rendered":"https:\/\/irankiuzona.lt\/product\/kampinis-slifuoklis-125mm-1500w\/"},"modified":"2026-04-12T00:17:53","modified_gmt":"2026-04-12T00:17:53","slug":"kampinis-slifuoklis-125mm-1500w","status":"publish","type":"product","link":"https:\/\/irankiuzona.lt\/ru\/product\/kampinis-slifuoklis-125mm-1500w\/","title":{"rendered":"Kampinis \u0161lifuoklis 125mm 1500W"},"content":{"rendered":"<p>\u012etampa: 230VCiferblato dydis: 125 mmGreitis be apkrovos: 12000minGalia: 1500WIzoliacijos klas\u0117: II klas\u0117<\/p>","protected":false},"excerpt":{"rendered":"<p>Kampinis \u0161lifuoklis 125mm 1500W<\/p>","protected":false},"featured_media":191904,"comment_status":"open","ping_status":"open","template":"","meta":[],"product_cat":[9648],"product_tag":[10104],"class_list":{"0":"post-371008","1":"product","2":"type-product","3":"status-publish","4":"has-post-thumbnail","6":"product_brand-kraftdele","7":"product_cat-kampiniai-slifuokliai","8":"product_tag-kraftdele","10":"first","11":"outofstock","12":"purchasable","13":"product-type-simple"},"jetpack_sharing_enabled":true,"_links":{"self":[{"href":"https:\/\/irankiuzona.lt\/ru\/wp-json\/wp\/v2\/product\/371008","targetHints":{"allow":["GET"]}}],"collection":[{"href":"https:\/\/irankiuzona.lt\/ru\/wp-json\/wp\/v2\/product"}],"about":[{"href":"https:\/\/irankiuzona.lt\/ru\/wp-json\/wp\/v2\/types\/product"}],"replies":[{"embeddable":true,"href":"https:\/\/irankiuzona.lt\/ru\/wp-json\/wp\/v2\/comments?post=371008"}],"version-history":[{"count":1,"href":"https:\/\/irankiuzona.lt\/ru\/wp-json\/wp\/v2\/product\/371008\/revisions"}],"predecessor-version":[{"id":421143,"href":"https:\/\/irankiuzona.lt\/ru\/wp-json\/wp\/v2\/product\/371008\/revisions\/421143"}],"wp:featuredmedia":[{"embeddable":true,"href":"https:\/\/irankiuzona.lt\/ru\/wp-json\/wp\/v2\/media\/191904"}],"wp:attachment":[{"href":"https:\/\/irankiuzona.lt\/ru\/wp-json\/wp\/v2\/media?parent=371008"}],"wp:term":[{"taxonomy":"product_cat","embeddable":true,"href":"https:\/\/irankiuzona.lt\/ru\/wp-json\/wp\/v2\/product_cat?post=371008"},{"taxonomy":"product_tag","embeddable":true,"href":"https:\/\/irankiuzona.lt\/ru\/wp-json\/wp\/v2\/product_tag?post=371008"}],"curies":[{"name":"wp","href":"https:\/\/api.w.org\/{rel}","templated":true}]}}