{"id":371010,"date":"2024-10-20T14:57:25","date_gmt":"2024-10-20T14:57:25","guid":{"rendered":"https:\/\/irankiuzona.lt\/product\/prozektorius-t6led-ant-galvos-ikraunamas\/"},"modified":"2026-04-16T15:48:29","modified_gmt":"2026-04-16T15:48:29","slug":"prozektorius-t6led-ant-galvos-ikraunamas","status":"publish","type":"product","link":"https:\/\/irankiuzona.lt\/ru\/product\/prozektorius-t6led-ant-galvos-ikraunamas\/","title":{"rendered":"Pro\u017eektorius T6LED ant galvos, \u012fkraunamas"},"content":{"rendered":"<p>Lempa: USA Cree T6 LED<br \/>\nAp\u0161vietimo r\u0117\u017eimai: 4 (stiprus, silpnas, \u0161vytintis, SOS)<br \/>\nPriartinimas: 1 x 2000<br \/>\nBaterijos: 2 x 18650<br \/>\nAtsparumas Vandeniui: IPX45<br \/>\nMed\u017eiaga: aliuminis + ABS<br \/>\nKomplekte: pro\u017e\u0117ktorius, 2xbaterijos (pakraunamos), pakrov\u0117jas<\/p>","protected":false},"excerpt":{"rendered":"<p>Pro\u017eektorius T6LED ant galvos, \u012fkraunamas<\/p>","protected":false},"featured_media":191906,"comment_status":"open","ping_status":"open","template":"","meta":[],"product_cat":[9976],"product_tag":[],"class_list":{"0":"post-371010","1":"product","2":"type-product","3":"status-publish","4":"has-post-thumbnail","6":"product_cat-katalogas","8":"first","9":"instock","10":"purchasable","11":"product-type-simple"},"jetpack_sharing_enabled":true,"_links":{"self":[{"href":"https:\/\/irankiuzona.lt\/ru\/wp-json\/wp\/v2\/product\/371010","targetHints":{"allow":["GET"]}}],"collection":[{"href":"https:\/\/irankiuzona.lt\/ru\/wp-json\/wp\/v2\/product"}],"about":[{"href":"https:\/\/irankiuzona.lt\/ru\/wp-json\/wp\/v2\/types\/product"}],"replies":[{"embeddable":true,"href":"https:\/\/irankiuzona.lt\/ru\/wp-json\/wp\/v2\/comments?post=371010"}],"version-history":[{"count":1,"href":"https:\/\/irankiuzona.lt\/ru\/wp-json\/wp\/v2\/product\/371010\/revisions"}],"predecessor-version":[{"id":421144,"href":"https:\/\/irankiuzona.lt\/ru\/wp-json\/wp\/v2\/product\/371010\/revisions\/421144"}],"wp:featuredmedia":[{"embeddable":true,"href":"https:\/\/irankiuzona.lt\/ru\/wp-json\/wp\/v2\/media\/191906"}],"wp:attachment":[{"href":"https:\/\/irankiuzona.lt\/ru\/wp-json\/wp\/v2\/media?parent=371010"}],"wp:term":[{"taxonomy":"product_cat","embeddable":true,"href":"https:\/\/irankiuzona.lt\/ru\/wp-json\/wp\/v2\/product_cat?post=371010"},{"taxonomy":"product_tag","embeddable":true,"href":"https:\/\/irankiuzona.lt\/ru\/wp-json\/wp\/v2\/product_tag?post=371010"}],"curies":[{"name":"wp","href":"https:\/\/api.w.org\/{rel}","templated":true}]}}