{"id":371012,"date":"2024-10-20T14:57:28","date_gmt":"2024-10-20T14:57:28","guid":{"rendered":"https:\/\/irankiuzona.lt\/product\/juostinis-pjuklas-metalui-700w\/"},"modified":"2026-04-12T00:17:53","modified_gmt":"2026-04-12T00:17:53","slug":"juostinis-pjuklas-metalui-700w","status":"publish","type":"product","link":"https:\/\/irankiuzona.lt\/ru\/product\/juostinis-pjuklas-metalui-700w\/","title":{"rendered":"Juostinis pj\u016bklas metalui 700W"},"content":{"rendered":"<p>\u0160io modelio juostinis pj\u016bklas pasi\u017eymi galingu varikliu, pagamintu naudojant inovatyvias technologijas. Naudojamas tiek profesionaliose sferose, tiek buitin\u0117se dirbtuv\u0117se. Integruotos papildomos apsaugos priemon\u0117s, u\u017etikrinan\u010dios saug\u0173 darb\u0105. Juostiniame pj\u016bkle \u012fmontuotas naujos kartos hidraulinis cilindras.<br \/>\nTechniniai duomenys:<\/p>\n<p>Maitinimo \u012ftampa<\/p>\n<p>230V~\/50Hz<\/p>\n<p>Variklio galia S1<\/p>\n<p>700W<\/p>\n<p>Variklio galia S6<\/p>\n<p>975W<\/p>\n<p>Apsisukim\u0173 greitis tu\u0161\u010dia eiga<\/p>\n<p>1450 aps\/min<\/p>\n<p>A\u0161men\u0173 greitis\u00a0(3 laipsni\u0173)<\/p>\n<p>23 m\/min<\/p>\n<p>34 m\/min<\/p>\n<p>55 m\/min<\/p>\n<p>Maks. apvaliojo profilio skersmuo 90 \u00b0 pjovimo kampu<\/p>\n<p>110mm<\/p>\n<p>Maks. apvaliojo profilio skersmuo 45 \u00b0 pjovimo kampu<\/p>\n<p>75mm<\/p>\n<p>Maks. \u0161e\u0161iakampio profilio matmenys\u00a090\u00b0\u00a0pjovimo kampu<\/p>\n<p>110mm x 140mm<\/p>\n<p>Maks. \u0161e\u0161iakampio profilio matmenys\u00a045\u00b0\u00a0pjovimo kampu<\/p>\n<p>110mm x 75mm<\/p>\n<p>I\u0161matavimai<\/p>\n<p>970mm x 395mm x 945mm<\/p>\n<p>Svoris netto<\/p>\n<p>56kg<\/p>\n<p>Triuk\u0161mo lygis<\/p>\n<p>76db (A)<\/p>","protected":false},"excerpt":{"rendered":"<p>Juostinis pj\u016bklas metalui 700W<\/p>","protected":false},"featured_media":191918,"comment_status":"open","ping_status":"open","template":"","meta":[],"product_cat":[9968],"product_tag":[10104],"class_list":{"0":"post-371012","1":"product","2":"type-product","3":"status-publish","4":"has-post-thumbnail","6":"product_brand-kraftdele","7":"product_cat-stakles-metalo-apdirbimui","8":"product_tag-kraftdele","10":"first","11":"outofstock","12":"purchasable","13":"product-type-simple"},"jetpack_sharing_enabled":true,"_links":{"self":[{"href":"https:\/\/irankiuzona.lt\/ru\/wp-json\/wp\/v2\/product\/371012","targetHints":{"allow":["GET"]}}],"collection":[{"href":"https:\/\/irankiuzona.lt\/ru\/wp-json\/wp\/v2\/product"}],"about":[{"href":"https:\/\/irankiuzona.lt\/ru\/wp-json\/wp\/v2\/types\/product"}],"replies":[{"embeddable":true,"href":"https:\/\/irankiuzona.lt\/ru\/wp-json\/wp\/v2\/comments?post=371012"}],"version-history":[{"count":1,"href":"https:\/\/irankiuzona.lt\/ru\/wp-json\/wp\/v2\/product\/371012\/revisions"}],"predecessor-version":[{"id":421150,"href":"https:\/\/irankiuzona.lt\/ru\/wp-json\/wp\/v2\/product\/371012\/revisions\/421150"}],"wp:featuredmedia":[{"embeddable":true,"href":"https:\/\/irankiuzona.lt\/ru\/wp-json\/wp\/v2\/media\/191918"}],"wp:attachment":[{"href":"https:\/\/irankiuzona.lt\/ru\/wp-json\/wp\/v2\/media?parent=371012"}],"wp:term":[{"taxonomy":"product_cat","embeddable":true,"href":"https:\/\/irankiuzona.lt\/ru\/wp-json\/wp\/v2\/product_cat?post=371012"},{"taxonomy":"product_tag","embeddable":true,"href":"https:\/\/irankiuzona.lt\/ru\/wp-json\/wp\/v2\/product_tag?post=371012"}],"curies":[{"name":"wp","href":"https:\/\/api.w.org\/{rel}","templated":true}]}}