{"id":371014,"date":"2024-10-20T14:57:32","date_gmt":"2024-10-20T14:57:32","guid":{"rendered":"https:\/\/irankiuzona.lt\/product\/kampinis-slifuoklis-125mm-1600w\/"},"modified":"2026-04-11T22:42:34","modified_gmt":"2026-04-11T22:42:34","slug":"kampinis-slifuoklis-125mm-1600w","status":"publish","type":"product","link":"https:\/\/irankiuzona.lt\/ru\/product\/kampinis-slifuoklis-125mm-1600w\/","title":{"rendered":"Kampinis \u0161lifuoklis 125mm 1600W"},"content":{"rendered":"<p>Galia: 1600WMaksimalus apsisukim\u0173 skai\u010dius: 12 000Maitinimas: 230VMaksimalus disko skersmuo: 125 mmVeleno sriegis: M14Apsaugos klas\u0117: II<\/p>","protected":false},"excerpt":{"rendered":"<p>Kampinis \u0161lifuoklis 125mm 1600W<\/p>","protected":false},"featured_media":191930,"comment_status":"open","ping_status":"open","template":"","meta":[],"product_cat":[9648],"product_tag":[10104],"class_list":{"0":"post-371014","1":"product","2":"type-product","3":"status-publish","4":"has-post-thumbnail","6":"product_brand-kraftdele","7":"product_cat-kampiniai-slifuokliai","8":"product_tag-kraftdele","10":"first","11":"outofstock","12":"purchasable","13":"product-type-simple"},"jetpack_sharing_enabled":true,"_links":{"self":[{"href":"https:\/\/irankiuzona.lt\/ru\/wp-json\/wp\/v2\/product\/371014","targetHints":{"allow":["GET"]}}],"collection":[{"href":"https:\/\/irankiuzona.lt\/ru\/wp-json\/wp\/v2\/product"}],"about":[{"href":"https:\/\/irankiuzona.lt\/ru\/wp-json\/wp\/v2\/types\/product"}],"replies":[{"embeddable":true,"href":"https:\/\/irankiuzona.lt\/ru\/wp-json\/wp\/v2\/comments?post=371014"}],"version-history":[{"count":1,"href":"https:\/\/irankiuzona.lt\/ru\/wp-json\/wp\/v2\/product\/371014\/revisions"}],"predecessor-version":[{"id":421156,"href":"https:\/\/irankiuzona.lt\/ru\/wp-json\/wp\/v2\/product\/371014\/revisions\/421156"}],"wp:featuredmedia":[{"embeddable":true,"href":"https:\/\/irankiuzona.lt\/ru\/wp-json\/wp\/v2\/media\/191930"}],"wp:attachment":[{"href":"https:\/\/irankiuzona.lt\/ru\/wp-json\/wp\/v2\/media?parent=371014"}],"wp:term":[{"taxonomy":"product_cat","embeddable":true,"href":"https:\/\/irankiuzona.lt\/ru\/wp-json\/wp\/v2\/product_cat?post=371014"},{"taxonomy":"product_tag","embeddable":true,"href":"https:\/\/irankiuzona.lt\/ru\/wp-json\/wp\/v2\/product_tag?post=371014"}],"curies":[{"name":"wp","href":"https:\/\/api.w.org\/{rel}","templated":true}]}}