{"id":371018,"date":"2024-10-20T14:57:40","date_gmt":"2024-10-20T14:57:40","guid":{"rendered":"https:\/\/irankiuzona.lt\/product\/suvirinimo-aparatas-igbt-330a\/"},"modified":"2026-04-12T04:23:01","modified_gmt":"2026-04-12T04:23:01","slug":"suvirinimo-aparatas-igbt-330a","status":"publish","type":"product","link":"https:\/\/irankiuzona.lt\/ru\/product\/suvirinimo-aparatas-igbt-330a\/","title":{"rendered":"Suvirinimo aparatas IGBT 330A"},"content":{"rendered":"<p>\u012etampa: 230V \/ 50-60Hz\u012e\u0117jimo srov\u0117: 6980WI\u0161\u0117jimo srov\u0117s diapazonas: 20-330ANominali i\u0161\u0117jimo \u012ftampa: 29,2VDarbo ciklas: 60 %Galios koeficientas: 0,93 \/ TD>Izoliacijos klas\u0117: BApsaugos laipsnis: IP21SSvoris: 5 kgMatmenys: 440 x 230 x 295 mm<\/p>","protected":false},"excerpt":{"rendered":"<p>Suvirinimo aparatas IGBT 330A<\/p>","protected":false},"featured_media":191958,"comment_status":"open","ping_status":"open","template":"","meta":[],"product_cat":[9893],"product_tag":[10104],"class_list":{"0":"post-371018","1":"product","2":"type-product","3":"status-publish","4":"has-post-thumbnail","6":"product_brand-kraftdele","7":"product_cat-suvirinimo-iranga","8":"product_tag-kraftdele","10":"first","11":"outofstock","12":"purchasable","13":"product-type-simple"},"jetpack_sharing_enabled":true,"_links":{"self":[{"href":"https:\/\/irankiuzona.lt\/ru\/wp-json\/wp\/v2\/product\/371018","targetHints":{"allow":["GET"]}}],"collection":[{"href":"https:\/\/irankiuzona.lt\/ru\/wp-json\/wp\/v2\/product"}],"about":[{"href":"https:\/\/irankiuzona.lt\/ru\/wp-json\/wp\/v2\/types\/product"}],"replies":[{"embeddable":true,"href":"https:\/\/irankiuzona.lt\/ru\/wp-json\/wp\/v2\/comments?post=371018"}],"version-history":[{"count":1,"href":"https:\/\/irankiuzona.lt\/ru\/wp-json\/wp\/v2\/product\/371018\/revisions"}],"predecessor-version":[{"id":421170,"href":"https:\/\/irankiuzona.lt\/ru\/wp-json\/wp\/v2\/product\/371018\/revisions\/421170"}],"wp:featuredmedia":[{"embeddable":true,"href":"https:\/\/irankiuzona.lt\/ru\/wp-json\/wp\/v2\/media\/191958"}],"wp:attachment":[{"href":"https:\/\/irankiuzona.lt\/ru\/wp-json\/wp\/v2\/media?parent=371018"}],"wp:term":[{"taxonomy":"product_cat","embeddable":true,"href":"https:\/\/irankiuzona.lt\/ru\/wp-json\/wp\/v2\/product_cat?post=371018"},{"taxonomy":"product_tag","embeddable":true,"href":"https:\/\/irankiuzona.lt\/ru\/wp-json\/wp\/v2\/product_tag?post=371018"}],"curies":[{"name":"wp","href":"https:\/\/api.w.org\/{rel}","templated":true}]}}