{"id":371048,"date":"2024-10-20T15:05:27","date_gmt":"2024-10-20T15:05:27","guid":{"rendered":"https:\/\/irankiuzona.lt\/product\/guoliu-sailentbloku-presavimo-komplektas-vag\/"},"modified":"2026-04-14T10:57:13","modified_gmt":"2026-04-14T10:57:13","slug":"guoliu-sailentbloku-presavimo-komplektas-vag","status":"publish","type":"product","link":"https:\/\/irankiuzona.lt\/ru\/product\/guoliu-sailentbloku-presavimo-komplektas-vag\/","title":{"rendered":"Guoli\u0173, sailentblok\u0173 presavimo komplektas VAG"},"content":{"rendered":"<p>Komplektas\u00a0skirtas\u00a0VAG galin\u0117s a\u0161ies pakabos rutulin\u0117ms jungtims ir guoliams nuimti ir sumontuoti<br \/>\nTaikymas: AUDI A3, VW Golf 4, Bora, New Beetle<\/p>","protected":false},"excerpt":{"rendered":"<p>Guoli\u0173, sailentblok\u0173 presavimo komplektas VAG<\/p>","protected":false},"featured_media":193546,"comment_status":"open","ping_status":"closed","template":"","meta":[],"product_cat":[9731],"product_tag":[10131],"class_list":{"0":"post-371048","1":"product","2":"type-product","3":"status-publish","4":"has-post-thumbnail","6":"product_brand-asta-lenkija","7":"product_cat-guoliu-sailentbloku-presavimo-irankiai","8":"product_tag-asta-lenkija","10":"first","11":"instock","12":"purchasable","13":"product-type-simple"},"jetpack_sharing_enabled":true,"_links":{"self":[{"href":"https:\/\/irankiuzona.lt\/ru\/wp-json\/wp\/v2\/product\/371048","targetHints":{"allow":["GET"]}}],"collection":[{"href":"https:\/\/irankiuzona.lt\/ru\/wp-json\/wp\/v2\/product"}],"about":[{"href":"https:\/\/irankiuzona.lt\/ru\/wp-json\/wp\/v2\/types\/product"}],"replies":[{"embeddable":true,"href":"https:\/\/irankiuzona.lt\/ru\/wp-json\/wp\/v2\/comments?post=371048"}],"version-history":[{"count":1,"href":"https:\/\/irankiuzona.lt\/ru\/wp-json\/wp\/v2\/product\/371048\/revisions"}],"predecessor-version":[{"id":421943,"href":"https:\/\/irankiuzona.lt\/ru\/wp-json\/wp\/v2\/product\/371048\/revisions\/421943"}],"wp:featuredmedia":[{"embeddable":true,"href":"https:\/\/irankiuzona.lt\/ru\/wp-json\/wp\/v2\/media\/193546"}],"wp:attachment":[{"href":"https:\/\/irankiuzona.lt\/ru\/wp-json\/wp\/v2\/media?parent=371048"}],"wp:term":[{"taxonomy":"product_cat","embeddable":true,"href":"https:\/\/irankiuzona.lt\/ru\/wp-json\/wp\/v2\/product_cat?post=371048"},{"taxonomy":"product_tag","embeddable":true,"href":"https:\/\/irankiuzona.lt\/ru\/wp-json\/wp\/v2\/product_tag?post=371048"}],"curies":[{"name":"wp","href":"https:\/\/api.w.org\/{rel}","templated":true}]}}