{"id":371058,"date":"2024-10-20T15:07:02","date_gmt":"2024-10-20T15:07:02","guid":{"rendered":"https:\/\/irankiuzona.lt\/product\/nitrilo-pirstines-juodos-m-dydis-100-vnt\/"},"modified":"2026-02-19T16:10:45","modified_gmt":"2026-02-19T16:10:45","slug":"nitrilo-pirstines-juodos-m-dydis-100-vnt","status":"publish","type":"product","link":"https:\/\/irankiuzona.lt\/ru\/product\/nitrilo-pirstines-juodos-m-dydis-100-vnt\/","title":{"rendered":"Nitrilo pir\u0161tin\u0117s, juodos, M dydis, 100 vnt."},"content":{"rendered":"<p>Vienkartin\u0117s nitrilin\u0117s pir\u0161tin\u0117s:<\/p>\n<p>Pagamintos i\u0161 100% nitrilo,<br \/>\nSud\u0117tyje neturi latekso, tod\u0117l nesukelia alergijos ir tinka jautriai odai,<br \/>\nBe pudros, tod\u0117l nesausina odos,<br \/>\nPuiki apsauga nuo bakterij\u0173, virus\u0173, chemini\u0173 med\u017eiag\u0173 ir ne\u0161varum\u0173,<br \/>\nPuikiai tinka naudoti HORECA, automechanikoje, maisto pramonei, gydymo \u012fstaigoms, diagnostin\u0117ms proced\u016broms, laboratorijoms, elektronikos pramonei, valymo darbams ir pan.<br \/>\nPagamintos su kokyb\u0117s\u00a0CE \u017eenklu ir atitinka kokyb\u0117s serifikavimo standartus\u00a0EN455-1, EN455-2, EN455-3,\u00a0EN455-4\u00a0EN420, EN374-1, EN374-2,\u00a0EN374-4,\u00a0EN374-5, EN1186-7, ASTM D 6319, ISO13485<br \/>\nD\u0117\u017eut\u0117je 100vnt.<br \/>\nAQL 1.5<br \/>\n3.5g<\/p>","protected":false},"excerpt":{"rendered":"<p>Nitrilo pir\u0161tin\u0117s, juodos, M dydis, 100 vnt.<\/p>","protected":false},"featured_media":193878,"comment_status":"open","ping_status":"open","template":"","meta":[],"product_cat":[9796],"product_tag":[],"class_list":{"0":"post-371058","1":"product","2":"type-product","3":"status-publish","4":"has-post-thumbnail","6":"product_cat-vienkartines-darbo-pirstines","8":"first","9":"outofstock","10":"purchasable","11":"product-type-simple"},"jetpack_sharing_enabled":true,"_links":{"self":[{"href":"https:\/\/irankiuzona.lt\/ru\/wp-json\/wp\/v2\/product\/371058","targetHints":{"allow":["GET"]}}],"collection":[{"href":"https:\/\/irankiuzona.lt\/ru\/wp-json\/wp\/v2\/product"}],"about":[{"href":"https:\/\/irankiuzona.lt\/ru\/wp-json\/wp\/v2\/types\/product"}],"replies":[{"embeddable":true,"href":"https:\/\/irankiuzona.lt\/ru\/wp-json\/wp\/v2\/comments?post=371058"}],"version-history":[{"count":1,"href":"https:\/\/irankiuzona.lt\/ru\/wp-json\/wp\/v2\/product\/371058\/revisions"}],"predecessor-version":[{"id":422108,"href":"https:\/\/irankiuzona.lt\/ru\/wp-json\/wp\/v2\/product\/371058\/revisions\/422108"}],"wp:featuredmedia":[{"embeddable":true,"href":"https:\/\/irankiuzona.lt\/ru\/wp-json\/wp\/v2\/media\/193878"}],"wp:attachment":[{"href":"https:\/\/irankiuzona.lt\/ru\/wp-json\/wp\/v2\/media?parent=371058"}],"wp:term":[{"taxonomy":"product_cat","embeddable":true,"href":"https:\/\/irankiuzona.lt\/ru\/wp-json\/wp\/v2\/product_cat?post=371058"},{"taxonomy":"product_tag","embeddable":true,"href":"https:\/\/irankiuzona.lt\/ru\/wp-json\/wp\/v2\/product_tag?post=371058"}],"curies":[{"name":"wp","href":"https:\/\/api.w.org\/{rel}","templated":true}]}}