{"id":371072,"date":"2024-10-20T15:08:33","date_gmt":"2024-10-20T15:08:33","guid":{"rendered":"https:\/\/irankiuzona.lt\/product\/smugine-galvute-3-4-46mm-6-kampe\/"},"modified":"2026-05-16T19:46:28","modified_gmt":"2026-05-16T19:46:28","slug":"smugine-galvute-3-4-46mm-6-kampe","status":"publish","type":"product","link":"https:\/\/irankiuzona.lt\/ru\/product\/smugine-galvute-3-4-46mm-6-kampe\/","title":{"rendered":"Sm\u016bgin\u0117 galvut\u0117 3\/4 46mm 6-kamp\u0117"},"content":{"rendered":"","protected":false},"excerpt":{"rendered":"<p>Sm\u016bgin\u0117 galvut\u0117 3\/4 46mm 6-kamp\u0117<\/p>","protected":false},"featured_media":194180,"comment_status":"open","ping_status":"open","template":"","meta":[],"product_cat":[9792],"product_tag":[9969],"class_list":{"0":"post-371072","1":"product","2":"type-product","3":"status-publish","4":"has-post-thumbnail","6":"product_brand-hogert-technik-vokietija","7":"product_cat-3-4-20-mm-trumpos-smugines-sesiakampes-galvutes","8":"product_tag-hogert-technik-vokietija","10":"first","11":"instock","12":"purchasable","13":"product-type-simple"},"jetpack_sharing_enabled":true,"_links":{"self":[{"href":"https:\/\/irankiuzona.lt\/ru\/wp-json\/wp\/v2\/product\/371072","targetHints":{"allow":["GET"]}}],"collection":[{"href":"https:\/\/irankiuzona.lt\/ru\/wp-json\/wp\/v2\/product"}],"about":[{"href":"https:\/\/irankiuzona.lt\/ru\/wp-json\/wp\/v2\/types\/product"}],"replies":[{"embeddable":true,"href":"https:\/\/irankiuzona.lt\/ru\/wp-json\/wp\/v2\/comments?post=371072"}],"version-history":[{"count":1,"href":"https:\/\/irankiuzona.lt\/ru\/wp-json\/wp\/v2\/product\/371072\/revisions"}],"predecessor-version":[{"id":422258,"href":"https:\/\/irankiuzona.lt\/ru\/wp-json\/wp\/v2\/product\/371072\/revisions\/422258"}],"wp:featuredmedia":[{"embeddable":true,"href":"https:\/\/irankiuzona.lt\/ru\/wp-json\/wp\/v2\/media\/194180"}],"wp:attachment":[{"href":"https:\/\/irankiuzona.lt\/ru\/wp-json\/wp\/v2\/media?parent=371072"}],"wp:term":[{"taxonomy":"product_cat","embeddable":true,"href":"https:\/\/irankiuzona.lt\/ru\/wp-json\/wp\/v2\/product_cat?post=371072"},{"taxonomy":"product_tag","embeddable":true,"href":"https:\/\/irankiuzona.lt\/ru\/wp-json\/wp\/v2\/product_tag?post=371072"}],"curies":[{"name":"wp","href":"https:\/\/api.w.org\/{rel}","templated":true}]}}