{"id":371082,"date":"2024-10-20T15:13:01","date_gmt":"2024-10-20T15:13:01","guid":{"rendered":"https:\/\/irankiuzona.lt\/product\/spaudimo-matuoklis-kompresoriui\/"},"modified":"2026-05-15T01:50:52","modified_gmt":"2026-05-15T01:50:52","slug":"spaudimo-matuoklis-kompresoriui","status":"publish","type":"product","link":"https:\/\/irankiuzona.lt\/ru\/product\/spaudimo-matuoklis-kompresoriui\/","title":{"rendered":"Spaudimo matuoklis kompresoriui"},"content":{"rendered":"<p>Maitinimas: 230V\/50Hzi\u0161\u0117jimo sl\u0117gis: 6-8 baraireguliuojama: 3-10 bargreit\u0173j\u0173 jung\u010di\u0173 skersmuo: 1\/4&quot;apsauginio vo\u017etuvo sl\u0117gis: 8 barai\u012fvesties skersmuo: 1\/4&quot;svoris: apie 0,7 kg<br \/>\nSAVYB\u0116S:<\/p>\n<p>paleidimo vo\u017etuvasapsauginis vo\u017etuvasdu manometraipaskirstymo kolektoriusdviej\u0173 greit\u0173j\u0173 jung\u010di\u0173<\/p>","protected":false},"excerpt":{"rendered":"<p>Spaudimo matuoklis kompresoriui<\/p>","protected":false},"featured_media":195184,"comment_status":"open","ping_status":"open","template":"","meta":[],"product_cat":[10072],"product_tag":[10087],"class_list":{"0":"post-371082","1":"product","2":"type-product","3":"status-publish","4":"has-post-thumbnail","6":"product_brand-verke","7":"product_cat-kompresoriai","8":"product_tag-verke","10":"first","11":"instock","12":"purchasable","13":"product-type-simple"},"jetpack_sharing_enabled":true,"_links":{"self":[{"href":"https:\/\/irankiuzona.lt\/ru\/wp-json\/wp\/v2\/product\/371082","targetHints":{"allow":["GET"]}}],"collection":[{"href":"https:\/\/irankiuzona.lt\/ru\/wp-json\/wp\/v2\/product"}],"about":[{"href":"https:\/\/irankiuzona.lt\/ru\/wp-json\/wp\/v2\/types\/product"}],"replies":[{"embeddable":true,"href":"https:\/\/irankiuzona.lt\/ru\/wp-json\/wp\/v2\/comments?post=371082"}],"version-history":[{"count":1,"href":"https:\/\/irankiuzona.lt\/ru\/wp-json\/wp\/v2\/product\/371082\/revisions"}],"predecessor-version":[{"id":422747,"href":"https:\/\/irankiuzona.lt\/ru\/wp-json\/wp\/v2\/product\/371082\/revisions\/422747"}],"wp:featuredmedia":[{"embeddable":true,"href":"https:\/\/irankiuzona.lt\/ru\/wp-json\/wp\/v2\/media\/195184"}],"wp:attachment":[{"href":"https:\/\/irankiuzona.lt\/ru\/wp-json\/wp\/v2\/media?parent=371082"}],"wp:term":[{"taxonomy":"product_cat","embeddable":true,"href":"https:\/\/irankiuzona.lt\/ru\/wp-json\/wp\/v2\/product_cat?post=371082"},{"taxonomy":"product_tag","embeddable":true,"href":"https:\/\/irankiuzona.lt\/ru\/wp-json\/wp\/v2\/product_tag?post=371082"}],"curies":[{"name":"wp","href":"https:\/\/api.w.org\/{rel}","templated":true}]}}