{"id":371086,"date":"2024-10-20T15:16:01","date_gmt":"2024-10-20T15:16:01","guid":{"rendered":"https:\/\/irankiuzona.lt\/product\/pneumatinis-domkratas-35ton-140-400mm\/"},"modified":"2026-04-11T11:55:52","modified_gmt":"2026-04-11T11:55:52","slug":"pneumatinis-domkratas-35ton-140-400mm","status":"publish","type":"product","link":"https:\/\/irankiuzona.lt\/ru\/product\/pneumatinis-domkratas-35ton-140-400mm\/","title":{"rendered":"Pneumatinis domkratas 3,5ton 140-400mm"},"content":{"rendered":"<p>Maksimali keliamoji galia: 3500kg.Maksimalus k\u0117limo auk\u0161tis \u2013 40 cm.Minimalus auk\u0161tis &#8211; 14 cm.Darbinis sl\u0117gis nuo 5 iki 10 bar\u0173.<\/p>","protected":false},"excerpt":{"rendered":"<p>Pneumatinis domkratas 3,5ton 140-400mm<\/p>","protected":false},"featured_media":195826,"comment_status":"open","ping_status":"closed","template":"","meta":[],"product_cat":[10056],"product_tag":[10151],"class_list":{"0":"post-371086","1":"product","2":"type-product","3":"status-publish","4":"has-post-thumbnail","6":"product_brand-lenkija-tiekejas","7":"product_cat-domkratai-su-oro-pagalvemis","8":"product_tag-lenkija-tiekejas","10":"first","11":"instock","12":"purchasable","13":"product-type-simple"},"jetpack_sharing_enabled":true,"_links":{"self":[{"href":"https:\/\/irankiuzona.lt\/ru\/wp-json\/wp\/v2\/product\/371086","targetHints":{"allow":["GET"]}}],"collection":[{"href":"https:\/\/irankiuzona.lt\/ru\/wp-json\/wp\/v2\/product"}],"about":[{"href":"https:\/\/irankiuzona.lt\/ru\/wp-json\/wp\/v2\/types\/product"}],"replies":[{"embeddable":true,"href":"https:\/\/irankiuzona.lt\/ru\/wp-json\/wp\/v2\/comments?post=371086"}],"version-history":[{"count":1,"href":"https:\/\/irankiuzona.lt\/ru\/wp-json\/wp\/v2\/product\/371086\/revisions"}],"predecessor-version":[{"id":423051,"href":"https:\/\/irankiuzona.lt\/ru\/wp-json\/wp\/v2\/product\/371086\/revisions\/423051"}],"wp:featuredmedia":[{"embeddable":true,"href":"https:\/\/irankiuzona.lt\/ru\/wp-json\/wp\/v2\/media\/195826"}],"wp:attachment":[{"href":"https:\/\/irankiuzona.lt\/ru\/wp-json\/wp\/v2\/media?parent=371086"}],"wp:term":[{"taxonomy":"product_cat","embeddable":true,"href":"https:\/\/irankiuzona.lt\/ru\/wp-json\/wp\/v2\/product_cat?post=371086"},{"taxonomy":"product_tag","embeddable":true,"href":"https:\/\/irankiuzona.lt\/ru\/wp-json\/wp\/v2\/product_tag?post=371086"}],"curies":[{"name":"wp","href":"https:\/\/api.w.org\/{rel}","templated":true}]}}