{"id":371101,"date":"2024-10-20T15:20:27","date_gmt":"2024-10-20T15:20:27","guid":{"rendered":"https:\/\/irankiuzona.lt\/product\/hogert-dezute-smulkmenoms-moduline\/"},"modified":"2026-04-14T14:45:59","modified_gmt":"2026-04-14T14:45:59","slug":"hogert-dezute-smulkmenoms-moduline","status":"publish","type":"product","link":"https:\/\/irankiuzona.lt\/ru\/product\/hogert-dezute-smulkmenoms-moduline\/","title":{"rendered":"HOGERT D\u0117\u017eut\u0117 smulkmenoms, modulin\u0117"},"content":{"rendered":"<p>Charakteristika:<\/p>\n<p>Matinis dangtelis.<br \/>\nSuderinamas su kitais modulin\u0117s \u012franki\u0173 d\u0117\u017e\u0117s sistemos elementais.<\/p>","protected":false},"excerpt":{"rendered":"<p>HOGERT D\u0117\u017eut\u0117 smulkmenoms, modulin\u0117<\/p>","protected":false},"featured_media":196632,"comment_status":"open","ping_status":"open","template":"","meta":[],"product_cat":[10064],"product_tag":[9969],"class_list":{"0":"post-371101","1":"product","2":"type-product","3":"status-publish","4":"has-post-thumbnail","6":"product_brand-hogert-technik-vokietija","7":"product_cat-irankiu-dezes-su-ratukais","8":"product_tag-hogert-technik-vokietija","10":"first","11":"instock","12":"purchasable","13":"product-type-simple"},"jetpack_sharing_enabled":true,"_links":{"self":[{"href":"https:\/\/irankiuzona.lt\/ru\/wp-json\/wp\/v2\/product\/371101","targetHints":{"allow":["GET"]}}],"collection":[{"href":"https:\/\/irankiuzona.lt\/ru\/wp-json\/wp\/v2\/product"}],"about":[{"href":"https:\/\/irankiuzona.lt\/ru\/wp-json\/wp\/v2\/types\/product"}],"replies":[{"embeddable":true,"href":"https:\/\/irankiuzona.lt\/ru\/wp-json\/wp\/v2\/comments?post=371101"}],"version-history":[{"count":1,"href":"https:\/\/irankiuzona.lt\/ru\/wp-json\/wp\/v2\/product\/371101\/revisions"}],"predecessor-version":[{"id":423465,"href":"https:\/\/irankiuzona.lt\/ru\/wp-json\/wp\/v2\/product\/371101\/revisions\/423465"}],"wp:featuredmedia":[{"embeddable":true,"href":"https:\/\/irankiuzona.lt\/ru\/wp-json\/wp\/v2\/media\/196632"}],"wp:attachment":[{"href":"https:\/\/irankiuzona.lt\/ru\/wp-json\/wp\/v2\/media?parent=371101"}],"wp:term":[{"taxonomy":"product_cat","embeddable":true,"href":"https:\/\/irankiuzona.lt\/ru\/wp-json\/wp\/v2\/product_cat?post=371101"},{"taxonomy":"product_tag","embeddable":true,"href":"https:\/\/irankiuzona.lt\/ru\/wp-json\/wp\/v2\/product_tag?post=371101"}],"curies":[{"name":"wp","href":"https:\/\/api.w.org\/{rel}","templated":true}]}}