{"id":371107,"date":"2024-10-20T15:25:01","date_gmt":"2024-10-20T15:25:01","guid":{"rendered":"https:\/\/irankiuzona.lt\/product\/sriegimo-irankiai-hss-g-m2-s2-1-4-6-k-38vnt\/"},"modified":"2026-04-20T20:21:56","modified_gmt":"2026-04-20T20:21:56","slug":"sriegimo-irankiai-hss-g-m2-s2-1-4-6-k-38vnt","status":"publish","type":"product","link":"https:\/\/irankiuzona.lt\/ru\/product\/sriegimo-irankiai-hss-g-m2-s2-1-4-6-k-38vnt\/","title":{"rendered":"Sriegimo \u012frankiai HSS-G M2 \/ S2, 1\/4&quot; 6-k. 38vnt."},"content":{"rendered":"<p>9 sukamieji gr\u0105\u017etai \u00f8 3, 4, 4,5, 5, 5,5, 6, 7, 8, 10 mm1 mikro apver\u010diamas terk\u0161l\u0117 antgaliams1 adapteris, 1\/4&quot; kvadratas x 1\/4&quot; \u0161e\u0161iakampis2 antgali\u0173 laikiklis su greito veikimo griebtuvu, ilgis 67 mm, 150 mm25 bitai<\/p>","protected":false},"excerpt":{"rendered":"<p>Sriegimo \u012frankiai HSS-G M2 \/ S2, 1\/4&quot; 6-k. 38vnt.<\/p>","protected":false},"featured_media":371109,"comment_status":"open","ping_status":"open","template":"","meta":[],"product_cat":[9903],"product_tag":[9462],"class_list":{"0":"post-371107","1":"product","2":"type-product","3":"status-publish","4":"has-post-thumbnail","6":"product_brand-condor-werkzeug-vokietija","7":"product_cat-sriegikliai","8":"product_tag-condor-werkzeug-vokietija","10":"first","11":"instock","12":"purchasable","13":"product-type-simple"},"jetpack_sharing_enabled":true,"_links":{"self":[{"href":"https:\/\/irankiuzona.lt\/ru\/wp-json\/wp\/v2\/product\/371107","targetHints":{"allow":["GET"]}}],"collection":[{"href":"https:\/\/irankiuzona.lt\/ru\/wp-json\/wp\/v2\/product"}],"about":[{"href":"https:\/\/irankiuzona.lt\/ru\/wp-json\/wp\/v2\/types\/product"}],"replies":[{"embeddable":true,"href":"https:\/\/irankiuzona.lt\/ru\/wp-json\/wp\/v2\/comments?post=371107"}],"version-history":[{"count":1,"href":"https:\/\/irankiuzona.lt\/ru\/wp-json\/wp\/v2\/product\/371107\/revisions"}],"predecessor-version":[{"id":423871,"href":"https:\/\/irankiuzona.lt\/ru\/wp-json\/wp\/v2\/product\/371107\/revisions\/423871"}],"wp:featuredmedia":[{"embeddable":true,"href":"https:\/\/irankiuzona.lt\/ru\/wp-json\/wp\/v2\/media\/371109"}],"wp:attachment":[{"href":"https:\/\/irankiuzona.lt\/ru\/wp-json\/wp\/v2\/media?parent=371107"}],"wp:term":[{"taxonomy":"product_cat","embeddable":true,"href":"https:\/\/irankiuzona.lt\/ru\/wp-json\/wp\/v2\/product_cat?post=371107"},{"taxonomy":"product_tag","embeddable":true,"href":"https:\/\/irankiuzona.lt\/ru\/wp-json\/wp\/v2\/product_tag?post=371107"}],"curies":[{"name":"wp","href":"https:\/\/api.w.org\/{rel}","templated":true}]}}