{"id":371115,"date":"2024-10-20T15:25:37","date_gmt":"2024-10-20T15:25:37","guid":{"rendered":"https:\/\/irankiuzona.lt\/product\/tuscias-deklas-vezimeliui-terkslems-galvutems\/"},"modified":"2024-12-18T06:58:15","modified_gmt":"2024-12-18T06:58:15","slug":"tuscias-deklas-vezimeliui-terkslems-galvutems","status":"publish","type":"product","link":"https:\/\/irankiuzona.lt\/ru\/product\/tuscias-deklas-vezimeliui-terkslems-galvutems\/","title":{"rendered":"Tu\u0161\u010dias d\u0117klas ve\u017eim\u0117liui \/ terk\u0161l\u0117ms + galvut\u0117ms"},"content":{"rendered":"<p>39x56cm<\/p>","protected":false},"excerpt":{"rendered":"<p>Tu\u0161\u010dias d\u0117klas ve\u017eim\u0117liui \/ terk\u0161l\u0117ms + galvut\u0117ms<\/p>","protected":false},"featured_media":371117,"comment_status":"open","ping_status":"open","template":"","meta":[],"product_cat":[9870],"product_tag":[10131],"class_list":{"0":"post-371115","1":"product","2":"type-product","3":"status-publish","4":"has-post-thumbnail","6":"product_brand-asta-lenkija","7":"product_cat-deklai-i-vezimus-su-irankiais-ir-tusti","8":"product_tag-asta-lenkija","10":"first","11":"outofstock","12":"purchasable","13":"product-type-simple"},"jetpack_sharing_enabled":true,"_links":{"self":[{"href":"https:\/\/irankiuzona.lt\/ru\/wp-json\/wp\/v2\/product\/371115","targetHints":{"allow":["GET"]}}],"collection":[{"href":"https:\/\/irankiuzona.lt\/ru\/wp-json\/wp\/v2\/product"}],"about":[{"href":"https:\/\/irankiuzona.lt\/ru\/wp-json\/wp\/v2\/types\/product"}],"replies":[{"embeddable":true,"href":"https:\/\/irankiuzona.lt\/ru\/wp-json\/wp\/v2\/comments?post=371115"}],"version-history":[{"count":0,"href":"https:\/\/irankiuzona.lt\/ru\/wp-json\/wp\/v2\/product\/371115\/revisions"}],"wp:featuredmedia":[{"embeddable":true,"href":"https:\/\/irankiuzona.lt\/ru\/wp-json\/wp\/v2\/media\/371117"}],"wp:attachment":[{"href":"https:\/\/irankiuzona.lt\/ru\/wp-json\/wp\/v2\/media?parent=371115"}],"wp:term":[{"taxonomy":"product_cat","embeddable":true,"href":"https:\/\/irankiuzona.lt\/ru\/wp-json\/wp\/v2\/product_cat?post=371115"},{"taxonomy":"product_tag","embeddable":true,"href":"https:\/\/irankiuzona.lt\/ru\/wp-json\/wp\/v2\/product_tag?post=371115"}],"curies":[{"name":"wp","href":"https:\/\/api.w.org\/{rel}","templated":true}]}}