{"id":371118,"date":"2024-10-20T15:25:42","date_gmt":"2024-10-20T15:25:42","guid":{"rendered":"https:\/\/irankiuzona.lt\/product\/tuscias-deklas-vezimeliui-ipresuotiems-antgaliam\/"},"modified":"2024-11-04T00:46:34","modified_gmt":"2024-11-04T00:46:34","slug":"tuscias-deklas-vezimeliui-ipresuotiems-antgaliam","status":"publish","type":"product","link":"https:\/\/irankiuzona.lt\/ru\/product\/tuscias-deklas-vezimeliui-ipresuotiems-antgaliam\/","title":{"rendered":"Tu\u0161\u010dias d\u0117klas ve\u017eim\u0117liui \/ \u012fpresuotiems antgaliam"},"content":{"rendered":"<p>39x14cm<\/p>","protected":false},"excerpt":{"rendered":"<p>Tu\u0161\u010dias d\u0117klas ve\u017eim\u0117liui \/ \u012fpresuotiems antgaliam<\/p>","protected":false},"featured_media":371120,"comment_status":"open","ping_status":"open","template":"","meta":[],"product_cat":[9870],"product_tag":[10131],"class_list":{"0":"post-371118","1":"product","2":"type-product","3":"status-publish","4":"has-post-thumbnail","6":"product_brand-asta-lenkija","7":"product_cat-deklai-i-vezimus-su-irankiais-ir-tusti","8":"product_tag-asta-lenkija","10":"first","11":"instock","12":"purchasable","13":"product-type-simple"},"jetpack_sharing_enabled":true,"_links":{"self":[{"href":"https:\/\/irankiuzona.lt\/ru\/wp-json\/wp\/v2\/product\/371118","targetHints":{"allow":["GET"]}}],"collection":[{"href":"https:\/\/irankiuzona.lt\/ru\/wp-json\/wp\/v2\/product"}],"about":[{"href":"https:\/\/irankiuzona.lt\/ru\/wp-json\/wp\/v2\/types\/product"}],"replies":[{"embeddable":true,"href":"https:\/\/irankiuzona.lt\/ru\/wp-json\/wp\/v2\/comments?post=371118"}],"version-history":[{"count":0,"href":"https:\/\/irankiuzona.lt\/ru\/wp-json\/wp\/v2\/product\/371118\/revisions"}],"wp:featuredmedia":[{"embeddable":true,"href":"https:\/\/irankiuzona.lt\/ru\/wp-json\/wp\/v2\/media\/371120"}],"wp:attachment":[{"href":"https:\/\/irankiuzona.lt\/ru\/wp-json\/wp\/v2\/media?parent=371118"}],"wp:term":[{"taxonomy":"product_cat","embeddable":true,"href":"https:\/\/irankiuzona.lt\/ru\/wp-json\/wp\/v2\/product_cat?post=371118"},{"taxonomy":"product_tag","embeddable":true,"href":"https:\/\/irankiuzona.lt\/ru\/wp-json\/wp\/v2\/product_tag?post=371118"}],"curies":[{"name":"wp","href":"https:\/\/api.w.org\/{rel}","templated":true}]}}