{"id":371129,"date":"2024-10-20T15:28:53","date_gmt":"2024-10-20T15:28:53","guid":{"rendered":"https:\/\/irankiuzona.lt\/product\/frezu-komplektas-varztu-paslepimui-12-16-19mm\/"},"modified":"2026-04-16T07:13:49","modified_gmt":"2026-04-16T07:13:49","slug":"frezu-komplektas-varztu-paslepimui-12-16-19mm","status":"publish","type":"product","link":"https:\/\/irankiuzona.lt\/ru\/product\/frezu-komplektas-varztu-paslepimui-12-16-19mm\/","title":{"rendered":"Frez\u0173 komplektas var\u017et\u0173 pasl\u0117pimui 12-16-19mm"},"content":{"rendered":"<p>1\/4&quot;(12-16-19mm)<\/p>","protected":false},"excerpt":{"rendered":"<p>Frez\u0173 komplektas var\u017et\u0173 pasl\u0117pimui 12-16-19mm<\/p>","protected":false},"featured_media":267315,"comment_status":"open","ping_status":"open","template":"","meta":[],"product_cat":[9627],"product_tag":[9646],"class_list":{"0":"post-371129","1":"product","2":"type-product","3":"status-publish","4":"has-post-thumbnail","6":"product_brand-drel-lenkija","7":"product_cat-sraigtiniai-graztai-medziui","8":"product_tag-drel-lenkija","10":"first","11":"instock","12":"purchasable","13":"product-type-simple"},"jetpack_sharing_enabled":true,"_links":{"self":[{"href":"https:\/\/irankiuzona.lt\/ru\/wp-json\/wp\/v2\/product\/371129","targetHints":{"allow":["GET"]}}],"collection":[{"href":"https:\/\/irankiuzona.lt\/ru\/wp-json\/wp\/v2\/product"}],"about":[{"href":"https:\/\/irankiuzona.lt\/ru\/wp-json\/wp\/v2\/types\/product"}],"replies":[{"embeddable":true,"href":"https:\/\/irankiuzona.lt\/ru\/wp-json\/wp\/v2\/comments?post=371129"}],"version-history":[{"count":1,"href":"https:\/\/irankiuzona.lt\/ru\/wp-json\/wp\/v2\/product\/371129\/revisions"}],"predecessor-version":[{"id":424244,"href":"https:\/\/irankiuzona.lt\/ru\/wp-json\/wp\/v2\/product\/371129\/revisions\/424244"}],"wp:featuredmedia":[{"embeddable":true,"href":"https:\/\/irankiuzona.lt\/ru\/wp-json\/wp\/v2\/media\/267315"}],"wp:attachment":[{"href":"https:\/\/irankiuzona.lt\/ru\/wp-json\/wp\/v2\/media?parent=371129"}],"wp:term":[{"taxonomy":"product_cat","embeddable":true,"href":"https:\/\/irankiuzona.lt\/ru\/wp-json\/wp\/v2\/product_cat?post=371129"},{"taxonomy":"product_tag","embeddable":true,"href":"https:\/\/irankiuzona.lt\/ru\/wp-json\/wp\/v2\/product_tag?post=371129"}],"curies":[{"name":"wp","href":"https:\/\/api.w.org\/{rel}","templated":true}]}}