{"id":371141,"date":"2024-10-20T15:30:18","date_gmt":"2024-10-20T15:30:18","guid":{"rendered":"https:\/\/irankiuzona.lt\/product\/domkratas-hydraulinis-2-5t-140-525mm-gum-ratai-2\/"},"modified":"2026-05-09T09:30:41","modified_gmt":"2026-05-09T09:30:41","slug":"domkratas-hydraulinis-2-5t-140-525mm-gum-ratai-2","status":"publish","type":"product","link":"https:\/\/irankiuzona.lt\/ru\/product\/domkratas-hydraulinis-2-5t-140-525mm-gum-ratai-2\/","title":{"rendered":"Domkratas hydraulinis 2.5T 140-525mm gum.ratai"},"content":{"rendered":"<p>Du st\u016bmokliaiKeliamoji galia 2.5tMin auk\u0161tis 140mmMax auk\u0161tis 525mm<\/p>","protected":false},"excerpt":{"rendered":"<p>Domkratas hydraulinis 2.5T 140-525mm gum.ratai<\/p>","protected":false},"featured_media":267690,"comment_status":"open","ping_status":"open","template":"","meta":[],"product_cat":[9959],"product_tag":[10143],"class_list":{"0":"post-371141","1":"product","2":"type-product","3":"status-publish","4":"has-post-thumbnail","6":"product_brand-jcb","7":"product_cat-domkratai-hidrauliniai","8":"product_tag-jcb","10":"first","11":"instock","12":"purchasable","13":"product-type-simple"},"jetpack_sharing_enabled":true,"_links":{"self":[{"href":"https:\/\/irankiuzona.lt\/ru\/wp-json\/wp\/v2\/product\/371141","targetHints":{"allow":["GET"]}}],"collection":[{"href":"https:\/\/irankiuzona.lt\/ru\/wp-json\/wp\/v2\/product"}],"about":[{"href":"https:\/\/irankiuzona.lt\/ru\/wp-json\/wp\/v2\/types\/product"}],"replies":[{"embeddable":true,"href":"https:\/\/irankiuzona.lt\/ru\/wp-json\/wp\/v2\/comments?post=371141"}],"version-history":[{"count":1,"href":"https:\/\/irankiuzona.lt\/ru\/wp-json\/wp\/v2\/product\/371141\/revisions"}],"predecessor-version":[{"id":424375,"href":"https:\/\/irankiuzona.lt\/ru\/wp-json\/wp\/v2\/product\/371141\/revisions\/424375"}],"wp:featuredmedia":[{"embeddable":true,"href":"https:\/\/irankiuzona.lt\/ru\/wp-json\/wp\/v2\/media\/267690"}],"wp:attachment":[{"href":"https:\/\/irankiuzona.lt\/ru\/wp-json\/wp\/v2\/media?parent=371141"}],"wp:term":[{"taxonomy":"product_cat","embeddable":true,"href":"https:\/\/irankiuzona.lt\/ru\/wp-json\/wp\/v2\/product_cat?post=371141"},{"taxonomy":"product_tag","embeddable":true,"href":"https:\/\/irankiuzona.lt\/ru\/wp-json\/wp\/v2\/product_tag?post=371141"}],"curies":[{"name":"wp","href":"https:\/\/api.w.org\/{rel}","templated":true}]}}