{"id":371149,"date":"2024-10-20T15:30:24","date_gmt":"2024-10-20T15:30:24","guid":{"rendered":"https:\/\/irankiuzona.lt\/product\/domkratas-hydraulinis-1-5t-pazemintas-70-610mm-2\/"},"modified":"2026-05-06T23:35:33","modified_gmt":"2026-05-06T23:35:33","slug":"domkratas-hydraulinis-1-5t-pazemintas-70-610mm-2","status":"publish","type":"product","link":"https:\/\/irankiuzona.lt\/ru\/product\/domkratas-hydraulinis-1-5t-pazemintas-70-610mm-2\/","title":{"rendered":"Domkratas hydraulinis 1.5T pa\u017eemintas 70-610mm"},"content":{"rendered":"<p>Privalumai:Galima dirbti prie-20 \u00b0C temperat\u016brosPatogus ried\u0117jimas po pagrindu naudojant ratus;Nuimama rankena, kad b\u016bt\u0173 galima skland\u017eiai kelti su minimaliomis pastangomisDomkratas yra optimalus automobili\u0173 servisams ir padang\u0173 centrams. Domkrato elementai pagaminti i\u0161 itin tvirto ir patvaraus metalo. Specifikacijos:Maks., apkrova 1.5TMin. k\u0117limo auk\u0161tis 70mmMaks. k\u0117limo auk\u0161tis 610mmYpa\u010d \u017eemo profilio dizainasGreitas pak\u0117limasPasukami galiniai rataiItin auk\u0161tas pak\u0117limas<\/p>","protected":false},"excerpt":{"rendered":"<p>Domkratas hydraulinis 1.5T pa\u017eemintas 70-610mm<\/p>","protected":false},"featured_media":267717,"comment_status":"open","ping_status":"closed","template":"","meta":[],"product_cat":[9959],"product_tag":[10143],"class_list":{"0":"post-371149","1":"product","2":"type-product","3":"status-publish","4":"has-post-thumbnail","6":"product_brand-jcb","7":"product_cat-domkratai-hidrauliniai","8":"product_tag-jcb","10":"first","11":"instock","12":"purchasable","13":"product-type-simple"},"jetpack_sharing_enabled":true,"_links":{"self":[{"href":"https:\/\/irankiuzona.lt\/ru\/wp-json\/wp\/v2\/product\/371149","targetHints":{"allow":["GET"]}}],"collection":[{"href":"https:\/\/irankiuzona.lt\/ru\/wp-json\/wp\/v2\/product"}],"about":[{"href":"https:\/\/irankiuzona.lt\/ru\/wp-json\/wp\/v2\/types\/product"}],"replies":[{"embeddable":true,"href":"https:\/\/irankiuzona.lt\/ru\/wp-json\/wp\/v2\/comments?post=371149"}],"version-history":[{"count":1,"href":"https:\/\/irankiuzona.lt\/ru\/wp-json\/wp\/v2\/product\/371149\/revisions"}],"predecessor-version":[{"id":424384,"href":"https:\/\/irankiuzona.lt\/ru\/wp-json\/wp\/v2\/product\/371149\/revisions\/424384"}],"wp:featuredmedia":[{"embeddable":true,"href":"https:\/\/irankiuzona.lt\/ru\/wp-json\/wp\/v2\/media\/267717"}],"wp:attachment":[{"href":"https:\/\/irankiuzona.lt\/ru\/wp-json\/wp\/v2\/media?parent=371149"}],"wp:term":[{"taxonomy":"product_cat","embeddable":true,"href":"https:\/\/irankiuzona.lt\/ru\/wp-json\/wp\/v2\/product_cat?post=371149"},{"taxonomy":"product_tag","embeddable":true,"href":"https:\/\/irankiuzona.lt\/ru\/wp-json\/wp\/v2\/product_tag?post=371149"}],"curies":[{"name":"wp","href":"https:\/\/api.w.org\/{rel}","templated":true}]}}