{"id":371155,"date":"2024-10-20T15:30:40","date_gmt":"2024-10-20T15:30:40","guid":{"rendered":"https:\/\/irankiuzona.lt\/product\/domkratas-hydraulinis-2-5t-75-505mm-2\/"},"modified":"2026-05-09T04:18:48","modified_gmt":"2026-05-09T04:18:48","slug":"domkratas-hydraulinis-2-5t-75-505mm-2","status":"publish","type":"product","link":"https:\/\/irankiuzona.lt\/ru\/product\/domkratas-hydraulinis-2-5t-75-505mm-2\/","title":{"rendered":"Domkratas hydraulinis 2.5T 75-505mm"},"content":{"rendered":"<p>Du st\u016bmokliaiKeliamoji galia 2.5tMin auk\u0161tis 75mmMax auk\u0161tis 505mm<\/p>","protected":false},"excerpt":{"rendered":"<p>Domkratas hydraulinis 2.5T 75-505mm<\/p>","protected":false},"featured_media":267795,"comment_status":"open","ping_status":"closed","template":"","meta":[],"product_cat":[9959],"product_tag":[10143],"class_list":{"0":"post-371155","1":"product","2":"type-product","3":"status-publish","4":"has-post-thumbnail","6":"product_brand-jcb","7":"product_cat-domkratai-hidrauliniai","8":"product_tag-jcb","10":"first","11":"outofstock","12":"purchasable","13":"product-type-simple"},"jetpack_sharing_enabled":true,"_links":{"self":[{"href":"https:\/\/irankiuzona.lt\/ru\/wp-json\/wp\/v2\/product\/371155","targetHints":{"allow":["GET"]}}],"collection":[{"href":"https:\/\/irankiuzona.lt\/ru\/wp-json\/wp\/v2\/product"}],"about":[{"href":"https:\/\/irankiuzona.lt\/ru\/wp-json\/wp\/v2\/types\/product"}],"replies":[{"embeddable":true,"href":"https:\/\/irankiuzona.lt\/ru\/wp-json\/wp\/v2\/comments?post=371155"}],"version-history":[{"count":1,"href":"https:\/\/irankiuzona.lt\/ru\/wp-json\/wp\/v2\/product\/371155\/revisions"}],"predecessor-version":[{"id":424410,"href":"https:\/\/irankiuzona.lt\/ru\/wp-json\/wp\/v2\/product\/371155\/revisions\/424410"}],"wp:featuredmedia":[{"embeddable":true,"href":"https:\/\/irankiuzona.lt\/ru\/wp-json\/wp\/v2\/media\/267795"}],"wp:attachment":[{"href":"https:\/\/irankiuzona.lt\/ru\/wp-json\/wp\/v2\/media?parent=371155"}],"wp:term":[{"taxonomy":"product_cat","embeddable":true,"href":"https:\/\/irankiuzona.lt\/ru\/wp-json\/wp\/v2\/product_cat?post=371155"},{"taxonomy":"product_tag","embeddable":true,"href":"https:\/\/irankiuzona.lt\/ru\/wp-json\/wp\/v2\/product_tag?post=371155"}],"curies":[{"name":"wp","href":"https:\/\/api.w.org\/{rel}","templated":true}]}}