{"id":371203,"date":"2024-10-20T15:35:16","date_gmt":"2024-10-20T15:35:16","guid":{"rendered":"https:\/\/irankiuzona.lt\/product\/antgalis-sesiakampis-h675mm-2\/"},"modified":"2026-04-16T12:16:06","modified_gmt":"2026-04-16T12:16:06","slug":"antgalis-sesiakampis-h675mm-2","status":"publish","type":"product","link":"https:\/\/irankiuzona.lt\/ru\/product\/antgalis-sesiakampis-h675mm-2\/","title":{"rendered":"Antgalis \u0161e\u0161iakampis H6*75mm"},"content":{"rendered":"<p>\u0161e\u0161iakampis H6Storis &#8211; 10mm (3\/8)Ilgis &#8211; 75mm<\/p>","protected":false},"excerpt":{"rendered":"<p>Antgalis \u0161e\u0161iakampis H6*75mm<\/p>","protected":false},"featured_media":268660,"comment_status":"open","ping_status":"open","template":"","meta":[],"product_cat":[9779],"product_tag":[10151],"class_list":{"0":"post-371203","1":"product","2":"type-product","3":"status-publish","4":"has-post-thumbnail","6":"product_brand-lenkija-tiekejas","7":"product_cat-antgaliukai-bitukai-3-8-10mm","8":"product_tag-lenkija-tiekejas","10":"first","11":"instock","12":"purchasable","13":"product-type-simple"},"jetpack_sharing_enabled":true,"_links":{"self":[{"href":"https:\/\/irankiuzona.lt\/ru\/wp-json\/wp\/v2\/product\/371203","targetHints":{"allow":["GET"]}}],"collection":[{"href":"https:\/\/irankiuzona.lt\/ru\/wp-json\/wp\/v2\/product"}],"about":[{"href":"https:\/\/irankiuzona.lt\/ru\/wp-json\/wp\/v2\/types\/product"}],"replies":[{"embeddable":true,"href":"https:\/\/irankiuzona.lt\/ru\/wp-json\/wp\/v2\/comments?post=371203"}],"version-history":[{"count":1,"href":"https:\/\/irankiuzona.lt\/ru\/wp-json\/wp\/v2\/product\/371203\/revisions"}],"predecessor-version":[{"id":424709,"href":"https:\/\/irankiuzona.lt\/ru\/wp-json\/wp\/v2\/product\/371203\/revisions\/424709"}],"wp:featuredmedia":[{"embeddable":true,"href":"https:\/\/irankiuzona.lt\/ru\/wp-json\/wp\/v2\/media\/268660"}],"wp:attachment":[{"href":"https:\/\/irankiuzona.lt\/ru\/wp-json\/wp\/v2\/media?parent=371203"}],"wp:term":[{"taxonomy":"product_cat","embeddable":true,"href":"https:\/\/irankiuzona.lt\/ru\/wp-json\/wp\/v2\/product_cat?post=371203"},{"taxonomy":"product_tag","embeddable":true,"href":"https:\/\/irankiuzona.lt\/ru\/wp-json\/wp\/v2\/product_tag?post=371203"}],"curies":[{"name":"wp","href":"https:\/\/api.w.org\/{rel}","templated":true}]}}