{"id":371207,"date":"2024-10-20T15:35:21","date_gmt":"2024-10-20T15:35:21","guid":{"rendered":"https:\/\/irankiuzona.lt\/product\/pneumatine-terksle-3-8-68nm-kampine-2\/"},"modified":"2026-04-13T17:00:59","modified_gmt":"2026-04-13T17:00:59","slug":"pneumatine-terksle-3-8-68nm-kampine-2","status":"publish","type":"product","link":"https:\/\/irankiuzona.lt\/ru\/product\/pneumatine-terksle-3-8-68nm-kampine-2\/","title":{"rendered":"Pneumatin\u0117 terk\u0161l\u0117 3\/8&quot; 68Nm kampin\u0117"},"content":{"rendered":"<p>3\/8&quot;RPM-min-1-240Maks. sukimo momentas- Nm68Darbinis sl\u0117gis-6.3Ilgis-254mmOro srautas-77 l min<\/p>","protected":false},"excerpt":{"rendered":"<p>Pneumatin\u0117 terk\u0161l\u0117 3\/8&quot; 68Nm kampin\u0117<\/p>","protected":false},"featured_media":199030,"comment_status":"open","ping_status":"open","template":"","meta":[],"product_cat":[9666],"product_tag":[10143],"class_list":{"0":"post-371207","1":"product","2":"type-product","3":"status-publish","4":"has-post-thumbnail","6":"product_brand-jcb","7":"product_cat-pneumo-rankenos-terksles","8":"product_tag-jcb","10":"first","11":"instock","12":"purchasable","13":"product-type-simple"},"jetpack_sharing_enabled":true,"_links":{"self":[{"href":"https:\/\/irankiuzona.lt\/ru\/wp-json\/wp\/v2\/product\/371207","targetHints":{"allow":["GET"]}}],"collection":[{"href":"https:\/\/irankiuzona.lt\/ru\/wp-json\/wp\/v2\/product"}],"about":[{"href":"https:\/\/irankiuzona.lt\/ru\/wp-json\/wp\/v2\/types\/product"}],"replies":[{"embeddable":true,"href":"https:\/\/irankiuzona.lt\/ru\/wp-json\/wp\/v2\/comments?post=371207"}],"version-history":[{"count":1,"href":"https:\/\/irankiuzona.lt\/ru\/wp-json\/wp\/v2\/product\/371207\/revisions"}],"predecessor-version":[{"id":424717,"href":"https:\/\/irankiuzona.lt\/ru\/wp-json\/wp\/v2\/product\/371207\/revisions\/424717"}],"wp:featuredmedia":[{"embeddable":true,"href":"https:\/\/irankiuzona.lt\/ru\/wp-json\/wp\/v2\/media\/199030"}],"wp:attachment":[{"href":"https:\/\/irankiuzona.lt\/ru\/wp-json\/wp\/v2\/media?parent=371207"}],"wp:term":[{"taxonomy":"product_cat","embeddable":true,"href":"https:\/\/irankiuzona.lt\/ru\/wp-json\/wp\/v2\/product_cat?post=371207"},{"taxonomy":"product_tag","embeddable":true,"href":"https:\/\/irankiuzona.lt\/ru\/wp-json\/wp\/v2\/product_tag?post=371207"}],"curies":[{"name":"wp","href":"https:\/\/api.w.org\/{rel}","templated":true}]}}