{"id":371227,"date":"2024-10-20T15:36:19","date_gmt":"2024-10-20T15:36:19","guid":{"rendered":"https:\/\/irankiuzona.lt\/product\/pneumatine-terksle-1-2-68nm-3\/"},"modified":"2026-04-13T18:58:31","modified_gmt":"2026-04-13T18:58:31","slug":"pneumatine-terksle-1-2-68nm-3","status":"publish","type":"product","link":"https:\/\/irankiuzona.lt\/ru\/product\/pneumatine-terksle-1-2-68nm-3\/","title":{"rendered":"Pneumatin\u0117 terk\u0161l\u0117, 1\/2&#8242; , 68Nm"},"content":{"rendered":"<p>Maks. sukimo momentas- Nm68Darbinis sl\u0117gis-6.3Ilgis-254mmDydis &#8211; 1\/2Oro jungtis &#8211; 1\/4<\/p>","protected":false},"excerpt":{"rendered":"<p>Pneumatin\u0117 terk\u0161l\u0117, 1\/2&#8242; , 68Nm<\/p>","protected":false},"featured_media":268913,"comment_status":"open","ping_status":"open","template":"","meta":[],"product_cat":[9666],"product_tag":[10143],"class_list":{"0":"post-371227","1":"product","2":"type-product","3":"status-publish","4":"has-post-thumbnail","6":"product_brand-jcb","7":"product_cat-pneumo-rankenos-terksles","8":"product_tag-jcb","10":"first","11":"outofstock","12":"purchasable","13":"product-type-simple"},"jetpack_sharing_enabled":true,"_links":{"self":[{"href":"https:\/\/irankiuzona.lt\/ru\/wp-json\/wp\/v2\/product\/371227","targetHints":{"allow":["GET"]}}],"collection":[{"href":"https:\/\/irankiuzona.lt\/ru\/wp-json\/wp\/v2\/product"}],"about":[{"href":"https:\/\/irankiuzona.lt\/ru\/wp-json\/wp\/v2\/types\/product"}],"replies":[{"embeddable":true,"href":"https:\/\/irankiuzona.lt\/ru\/wp-json\/wp\/v2\/comments?post=371227"}],"version-history":[{"count":1,"href":"https:\/\/irankiuzona.lt\/ru\/wp-json\/wp\/v2\/product\/371227\/revisions"}],"predecessor-version":[{"id":424797,"href":"https:\/\/irankiuzona.lt\/ru\/wp-json\/wp\/v2\/product\/371227\/revisions\/424797"}],"wp:featuredmedia":[{"embeddable":true,"href":"https:\/\/irankiuzona.lt\/ru\/wp-json\/wp\/v2\/media\/268913"}],"wp:attachment":[{"href":"https:\/\/irankiuzona.lt\/ru\/wp-json\/wp\/v2\/media?parent=371227"}],"wp:term":[{"taxonomy":"product_cat","embeddable":true,"href":"https:\/\/irankiuzona.lt\/ru\/wp-json\/wp\/v2\/product_cat?post=371227"},{"taxonomy":"product_tag","embeddable":true,"href":"https:\/\/irankiuzona.lt\/ru\/wp-json\/wp\/v2\/product_tag?post=371227"}],"curies":[{"name":"wp","href":"https:\/\/api.w.org\/{rel}","templated":true}]}}