{"id":371241,"date":"2024-10-20T15:37:17","date_gmt":"2024-10-20T15:37:17","guid":{"rendered":"https:\/\/irankiuzona.lt\/product\/domkratas-hidraulinis-3t-135-400mm-2\/"},"modified":"2026-05-15T12:24:18","modified_gmt":"2026-05-15T12:24:18","slug":"domkratas-hidraulinis-3t-135-400mm-2","status":"publish","type":"product","link":"https:\/\/irankiuzona.lt\/ru\/product\/domkratas-hidraulinis-3t-135-400mm-2\/","title":{"rendered":"Domkratas hidraulinis 3T 135-400mm"},"content":{"rendered":"<p>Privalumai:<br \/>\nGalima dirbti prie-20 \u00b0C temperat\u016bros.Domkratas yra optimalus automobili\u0173 servisams ir padang\u0173 centrams.Domkrato elementai pagaminti i\u0161 itin tvirto ir patvaraus metalo.<br \/>\nSpecifikacijos:<br \/>\nMaks., apkrova 3TMin. k\u0117limo auk\u0161tis 135mmMaks. k\u0117limo auk\u0161tis 400mmSvoris 16,4 kg<\/p>","protected":false},"excerpt":{"rendered":"<p>Domkratas hidraulinis 3T 135-400mm<\/p>","protected":false},"featured_media":269218,"comment_status":"open","ping_status":"closed","template":"","meta":[],"product_cat":[9959],"product_tag":[10143],"class_list":{"0":"post-371241","1":"product","2":"type-product","3":"status-publish","4":"has-post-thumbnail","6":"product_brand-jcb","7":"product_cat-domkratai-hidrauliniai","8":"product_tag-jcb","10":"first","11":"outofstock","12":"purchasable","13":"product-type-simple"},"jetpack_sharing_enabled":true,"_links":{"self":[{"href":"https:\/\/irankiuzona.lt\/ru\/wp-json\/wp\/v2\/product\/371241","targetHints":{"allow":["GET"]}}],"collection":[{"href":"https:\/\/irankiuzona.lt\/ru\/wp-json\/wp\/v2\/product"}],"about":[{"href":"https:\/\/irankiuzona.lt\/ru\/wp-json\/wp\/v2\/types\/product"}],"replies":[{"embeddable":true,"href":"https:\/\/irankiuzona.lt\/ru\/wp-json\/wp\/v2\/comments?post=371241"}],"version-history":[{"count":1,"href":"https:\/\/irankiuzona.lt\/ru\/wp-json\/wp\/v2\/product\/371241\/revisions"}],"predecessor-version":[{"id":424905,"href":"https:\/\/irankiuzona.lt\/ru\/wp-json\/wp\/v2\/product\/371241\/revisions\/424905"}],"wp:featuredmedia":[{"embeddable":true,"href":"https:\/\/irankiuzona.lt\/ru\/wp-json\/wp\/v2\/media\/269218"}],"wp:attachment":[{"href":"https:\/\/irankiuzona.lt\/ru\/wp-json\/wp\/v2\/media?parent=371241"}],"wp:term":[{"taxonomy":"product_cat","embeddable":true,"href":"https:\/\/irankiuzona.lt\/ru\/wp-json\/wp\/v2\/product_cat?post=371241"},{"taxonomy":"product_tag","embeddable":true,"href":"https:\/\/irankiuzona.lt\/ru\/wp-json\/wp\/v2\/product_tag?post=371241"}],"curies":[{"name":"wp","href":"https:\/\/api.w.org\/{rel}","templated":true}]}}