{"id":371243,"date":"2024-10-20T15:37:20","date_gmt":"2024-10-20T15:37:20","guid":{"rendered":"https:\/\/irankiuzona.lt\/product\/domkratas-hidraulinis-sustiprintas-35t-100-508mm-2\/"},"modified":"2026-05-09T05:11:30","modified_gmt":"2026-05-09T05:11:30","slug":"domkratas-hidraulinis-sustiprintas-35t-100-508mm-2","status":"publish","type":"product","link":"https:\/\/irankiuzona.lt\/ru\/product\/domkratas-hidraulinis-sustiprintas-35t-100-508mm-2\/","title":{"rendered":"Domkratas hidraulinis sustiprintas \/ 3,5T 100-508mm"},"content":{"rendered":"<p>Privalumai:<br \/>\nDomkratas skirtas profesionaliam naudojimui.Galima dirbti prie-20 \u00b0C temperat\u016bros.D\u0117ka sumontuoto dvigubo hidraulinio siurblio k\u0117limas vyksta itin greitai bei skland\u017eiai.Patogus ried\u0117jimas po pagrindu naudojant ratus;Nuimama rankena, kad b\u016bt\u0173 galima skland\u017eiai kelti su minimaliomis pastangomisDomkratas yra optimalus automobili\u0173 servisams ir padang\u0173 centrams.Domkrato elementai pagaminti i\u0161 itin tvirto ir patvaraus metalo.<br \/>\nSpecifikacijos:<br \/>\nMaks., apkrova 3,5TMin. k\u0117limo auk\u0161tis 100mmMaks. k\u0117limo auk\u0161tis 508mmYpa\u010d \u017eemo profilio dizainasGreitas pak\u0117limasPasukami galiniai rataiSvoris 45,6 kg<\/p>","protected":false},"excerpt":{"rendered":"<p>Domkratas hidraulinis sustiprintas \/ 3,5T 100-508mm<\/p>","protected":false},"featured_media":269233,"comment_status":"open","ping_status":"closed","template":"","meta":[],"product_cat":[9959],"product_tag":[10143],"class_list":{"0":"post-371243","1":"product","2":"type-product","3":"status-publish","4":"has-post-thumbnail","6":"product_brand-jcb","7":"product_cat-domkratai-hidrauliniai","8":"product_tag-jcb","10":"first","11":"outofstock","12":"purchasable","13":"product-type-simple"},"jetpack_sharing_enabled":true,"_links":{"self":[{"href":"https:\/\/irankiuzona.lt\/ru\/wp-json\/wp\/v2\/product\/371243","targetHints":{"allow":["GET"]}}],"collection":[{"href":"https:\/\/irankiuzona.lt\/ru\/wp-json\/wp\/v2\/product"}],"about":[{"href":"https:\/\/irankiuzona.lt\/ru\/wp-json\/wp\/v2\/types\/product"}],"replies":[{"embeddable":true,"href":"https:\/\/irankiuzona.lt\/ru\/wp-json\/wp\/v2\/comments?post=371243"}],"version-history":[{"count":1,"href":"https:\/\/irankiuzona.lt\/ru\/wp-json\/wp\/v2\/product\/371243\/revisions"}],"predecessor-version":[{"id":424910,"href":"https:\/\/irankiuzona.lt\/ru\/wp-json\/wp\/v2\/product\/371243\/revisions\/424910"}],"wp:featuredmedia":[{"embeddable":true,"href":"https:\/\/irankiuzona.lt\/ru\/wp-json\/wp\/v2\/media\/269233"}],"wp:attachment":[{"href":"https:\/\/irankiuzona.lt\/ru\/wp-json\/wp\/v2\/media?parent=371243"}],"wp:term":[{"taxonomy":"product_cat","embeddable":true,"href":"https:\/\/irankiuzona.lt\/ru\/wp-json\/wp\/v2\/product_cat?post=371243"},{"taxonomy":"product_tag","embeddable":true,"href":"https:\/\/irankiuzona.lt\/ru\/wp-json\/wp\/v2\/product_tag?post=371243"}],"curies":[{"name":"wp","href":"https:\/\/api.w.org\/{rel}","templated":true}]}}