{"id":371317,"date":"2024-10-20T15:40:12","date_gmt":"2024-10-20T15:40:12","guid":{"rendered":"https:\/\/irankiuzona.lt\/product\/stabdziu-skyscio-kokybes-testeris-3\/"},"modified":"2026-04-17T07:39:26","modified_gmt":"2026-04-17T07:39:26","slug":"stabdziu-skyscio-kokybes-testeris-3","status":"publish","type":"product","link":"https:\/\/irankiuzona.lt\/ru\/product\/stabdziu-skyscio-kokybes-testeris-3\/","title":{"rendered":"Stabd\u017ei\u0173 skys\u010dio kokyb\u0117s testeris"},"content":{"rendered":"<p>Indikacija: 5 \u0161viesos diodaiAutomatinis i\u0161jungimasDOT 3, DOT 4, DOT 5.1, ENV6, ENV4 Maitinimas: 1.5V R03 AAA<\/p>","protected":false},"excerpt":{"rendered":"<p>Stabd\u017ei\u0173 skys\u010dio kokyb\u0117s testeris<\/p>","protected":false},"featured_media":371319,"comment_status":"open","ping_status":"open","template":"","meta":[],"product_cat":[9534],"product_tag":[9969],"class_list":{"0":"post-371317","1":"product","2":"type-product","3":"status-publish","4":"has-post-thumbnail","6":"product_brand-hogert-technik-vokietija","7":"product_cat-stabdziu-remonto-nuorinimo-irankiai","8":"product_tag-hogert-technik-vokietija","10":"first","11":"instock","12":"purchasable","13":"product-type-simple"},"jetpack_sharing_enabled":true,"_links":{"self":[{"href":"https:\/\/irankiuzona.lt\/ru\/wp-json\/wp\/v2\/product\/371317","targetHints":{"allow":["GET"]}}],"collection":[{"href":"https:\/\/irankiuzona.lt\/ru\/wp-json\/wp\/v2\/product"}],"about":[{"href":"https:\/\/irankiuzona.lt\/ru\/wp-json\/wp\/v2\/types\/product"}],"replies":[{"embeddable":true,"href":"https:\/\/irankiuzona.lt\/ru\/wp-json\/wp\/v2\/comments?post=371317"}],"version-history":[{"count":1,"href":"https:\/\/irankiuzona.lt\/ru\/wp-json\/wp\/v2\/product\/371317\/revisions"}],"predecessor-version":[{"id":425177,"href":"https:\/\/irankiuzona.lt\/ru\/wp-json\/wp\/v2\/product\/371317\/revisions\/425177"}],"wp:featuredmedia":[{"embeddable":true,"href":"https:\/\/irankiuzona.lt\/ru\/wp-json\/wp\/v2\/media\/371319"}],"wp:attachment":[{"href":"https:\/\/irankiuzona.lt\/ru\/wp-json\/wp\/v2\/media?parent=371317"}],"wp:term":[{"taxonomy":"product_cat","embeddable":true,"href":"https:\/\/irankiuzona.lt\/ru\/wp-json\/wp\/v2\/product_cat?post=371317"},{"taxonomy":"product_tag","embeddable":true,"href":"https:\/\/irankiuzona.lt\/ru\/wp-json\/wp\/v2\/product_tag?post=371317"}],"curies":[{"name":"wp","href":"https:\/\/api.w.org\/{rel}","templated":true}]}}