{"id":371320,"date":"2024-10-20T15:40:17","date_gmt":"2024-10-20T15:40:17","guid":{"rendered":"https:\/\/irankiuzona.lt\/product\/pneumo-hidraulinis-domkratas-12ton-260-500mm-2\/"},"modified":"2026-04-13T12:27:08","modified_gmt":"2026-04-13T12:27:08","slug":"pneumo-hidraulinis-domkratas-12ton-260-500mm-2","status":"publish","type":"product","link":"https:\/\/irankiuzona.lt\/ru\/product\/pneumo-hidraulinis-domkratas-12ton-260-500mm-2\/","title":{"rendered":"Pneumo-hidraulinis domkratas 12Ton (260-500mm)"},"content":{"rendered":"<p>Keliamoji galia: 12000 kgMinimalus k\u0117limo auk\u0161tis &#8211; 260 mmMaksimalus k\u0117limo auk\u0161tis &#8211; 500 mm<\/p>","protected":false},"excerpt":{"rendered":"<p>Pneumo-hidraulinis domkratas 12Ton (260-500mm)<\/p>","protected":false},"featured_media":312002,"comment_status":"open","ping_status":"closed","template":"","meta":[],"product_cat":[10065],"product_tag":[10143],"class_list":{"0":"post-371320","1":"product","2":"type-product","3":"status-publish","4":"has-post-thumbnail","6":"product_brand-jcb","7":"product_cat-pneumo-hidrauliniai-domkratai","8":"product_tag-jcb","10":"first","11":"instock","12":"purchasable","13":"product-type-simple"},"jetpack_sharing_enabled":true,"_links":{"self":[{"href":"https:\/\/irankiuzona.lt\/ru\/wp-json\/wp\/v2\/product\/371320","targetHints":{"allow":["GET"]}}],"collection":[{"href":"https:\/\/irankiuzona.lt\/ru\/wp-json\/wp\/v2\/product"}],"about":[{"href":"https:\/\/irankiuzona.lt\/ru\/wp-json\/wp\/v2\/types\/product"}],"replies":[{"embeddable":true,"href":"https:\/\/irankiuzona.lt\/ru\/wp-json\/wp\/v2\/comments?post=371320"}],"version-history":[{"count":1,"href":"https:\/\/irankiuzona.lt\/ru\/wp-json\/wp\/v2\/product\/371320\/revisions"}],"predecessor-version":[{"id":425189,"href":"https:\/\/irankiuzona.lt\/ru\/wp-json\/wp\/v2\/product\/371320\/revisions\/425189"}],"wp:featuredmedia":[{"embeddable":true,"href":"https:\/\/irankiuzona.lt\/ru\/wp-json\/wp\/v2\/media\/312002"}],"wp:attachment":[{"href":"https:\/\/irankiuzona.lt\/ru\/wp-json\/wp\/v2\/media?parent=371320"}],"wp:term":[{"taxonomy":"product_cat","embeddable":true,"href":"https:\/\/irankiuzona.lt\/ru\/wp-json\/wp\/v2\/product_cat?post=371320"},{"taxonomy":"product_tag","embeddable":true,"href":"https:\/\/irankiuzona.lt\/ru\/wp-json\/wp\/v2\/product_tag?post=371320"}],"curies":[{"name":"wp","href":"https:\/\/api.w.org\/{rel}","templated":true}]}}