{"id":371423,"date":"2024-10-28T18:33:56","date_gmt":"2024-10-28T18:33:56","guid":{"rendered":"https:\/\/irankiuzona.lt\/product\/suvirinimo-irangos-vezimelis-su-rankena\/"},"modified":"2026-05-09T13:40:40","modified_gmt":"2026-05-09T13:40:40","slug":"suvirinimo-irangos-vezimelis-su-rankena","status":"publish","type":"product","link":"https:\/\/irankiuzona.lt\/ru\/product\/suvirinimo-irangos-vezimelis-su-rankena\/","title":{"rendered":"Suvirinimo \u012frangos ve\u017eim\u0117lis su rankena"},"content":{"rendered":"<p>Matmenys: Ve\u017eim\u0117lio plotis 29cm Ve\u017eim\u0117lio plotis su ratukais: 38 cm Ve\u017eim\u0117lio ilgis su rankena: 85 cm Ve\u017eim\u0117lio auk\u0161tis: 68,5 cm Stal\u010diaus plotis: 18 cm Stal\u010diaus ilgis: 28 cm<\/p>","protected":false},"excerpt":{"rendered":"<p>Ve\u017eim\u0117lis ant ratuk\u0173, su rankena, suvirinimo \u012frangai. Suvirinimo aparato (MIG\/TIG) transportavimo ve\u017eim\u0117lis. Kraftdele KD373<\/p>","protected":false},"featured_media":198264,"comment_status":"open","ping_status":"open","template":"","meta":[],"product_cat":[9893],"product_tag":[10104],"class_list":{"0":"post-371423","1":"product","2":"type-product","3":"status-publish","4":"has-post-thumbnail","6":"product_brand-kraftdele","7":"product_cat-suvirinimo-iranga","8":"product_tag-kraftdele","10":"first","11":"outofstock","12":"purchasable","13":"product-type-simple"},"jetpack_sharing_enabled":true,"_links":{"self":[{"href":"https:\/\/irankiuzona.lt\/ru\/wp-json\/wp\/v2\/product\/371423","targetHints":{"allow":["GET"]}}],"collection":[{"href":"https:\/\/irankiuzona.lt\/ru\/wp-json\/wp\/v2\/product"}],"about":[{"href":"https:\/\/irankiuzona.lt\/ru\/wp-json\/wp\/v2\/types\/product"}],"replies":[{"embeddable":true,"href":"https:\/\/irankiuzona.lt\/ru\/wp-json\/wp\/v2\/comments?post=371423"}],"version-history":[{"count":1,"href":"https:\/\/irankiuzona.lt\/ru\/wp-json\/wp\/v2\/product\/371423\/revisions"}],"predecessor-version":[{"id":424314,"href":"https:\/\/irankiuzona.lt\/ru\/wp-json\/wp\/v2\/product\/371423\/revisions\/424314"}],"wp:featuredmedia":[{"embeddable":true,"href":"https:\/\/irankiuzona.lt\/ru\/wp-json\/wp\/v2\/media\/198264"}],"wp:attachment":[{"href":"https:\/\/irankiuzona.lt\/ru\/wp-json\/wp\/v2\/media?parent=371423"}],"wp:term":[{"taxonomy":"product_cat","embeddable":true,"href":"https:\/\/irankiuzona.lt\/ru\/wp-json\/wp\/v2\/product_cat?post=371423"},{"taxonomy":"product_tag","embeddable":true,"href":"https:\/\/irankiuzona.lt\/ru\/wp-json\/wp\/v2\/product_tag?post=371423"}],"curies":[{"name":"wp","href":"https:\/\/api.w.org\/{rel}","templated":true}]}}