{"id":371429,"date":"2024-10-28T18:37:22","date_gmt":"2024-10-28T18:37:22","guid":{"rendered":"https:\/\/irankiuzona.lt\/product\/hidraulinis-presas-50-tonu-dvieju-greiciu-2\/"},"modified":"2026-04-12T02:52:01","modified_gmt":"2026-04-12T02:52:01","slug":"hidraulinis-presas-50-tonu-dvieju-greiciu-2","status":"publish","type":"product","link":"https:\/\/irankiuzona.lt\/ru\/product\/hidraulinis-presas-50-tonu-dvieju-greiciu-2\/","title":{"rendered":"HIDRAULINIS PRESAS 50 TON\u0172 \/ DVIEJ\u0172 GREI\u010cI\u0172"},"content":{"rendered":"<p>Prek\u0117s spalva ar atspalvis gali skirtis, nuo pavaizduot\u0173 nuotraukose.<br \/>\nDid\u017eiausia j\u0117ga, t: 50Darbinis auk\u0161tis, mm: 45-945Darbinis plotis, mm: 850Korpuso med\u017eiaga: metalasKojin\u0117 pavara\/ Rankin\u0117 pavaraPakuot\u0117s matmenys: 1640x370x280mmSvoris, kg: 240<\/p>","protected":false},"excerpt":{"rendered":"<p>Hidraulinis presas 50 ton\u0173 \/ dviej\u0173 grei\u010di\u0173<\/p>","protected":false},"featured_media":320441,"comment_status":"open","ping_status":"open","template":"","meta":[],"product_cat":[9946],"product_tag":[10151],"class_list":{"0":"post-371429","1":"product","2":"type-product","3":"status-publish","4":"has-post-thumbnail","6":"product_brand-lenkija-tiekejas","7":"product_cat-hidrauliniai-presai","8":"product_tag-lenkija-tiekejas","10":"first","11":"outofstock","12":"purchasable","13":"product-type-simple"},"jetpack_sharing_enabled":true,"_links":{"self":[{"href":"https:\/\/irankiuzona.lt\/ru\/wp-json\/wp\/v2\/product\/371429","targetHints":{"allow":["GET"]}}],"collection":[{"href":"https:\/\/irankiuzona.lt\/ru\/wp-json\/wp\/v2\/product"}],"about":[{"href":"https:\/\/irankiuzona.lt\/ru\/wp-json\/wp\/v2\/types\/product"}],"replies":[{"embeddable":true,"href":"https:\/\/irankiuzona.lt\/ru\/wp-json\/wp\/v2\/comments?post=371429"}],"version-history":[{"count":1,"href":"https:\/\/irankiuzona.lt\/ru\/wp-json\/wp\/v2\/product\/371429\/revisions"}],"predecessor-version":[{"id":424668,"href":"https:\/\/irankiuzona.lt\/ru\/wp-json\/wp\/v2\/product\/371429\/revisions\/424668"}],"wp:featuredmedia":[{"embeddable":true,"href":"https:\/\/irankiuzona.lt\/ru\/wp-json\/wp\/v2\/media\/320441"}],"wp:attachment":[{"href":"https:\/\/irankiuzona.lt\/ru\/wp-json\/wp\/v2\/media?parent=371429"}],"wp:term":[{"taxonomy":"product_cat","embeddable":true,"href":"https:\/\/irankiuzona.lt\/ru\/wp-json\/wp\/v2\/product_cat?post=371429"},{"taxonomy":"product_tag","embeddable":true,"href":"https:\/\/irankiuzona.lt\/ru\/wp-json\/wp\/v2\/product_tag?post=371429"}],"curies":[{"name":"wp","href":"https:\/\/api.w.org\/{rel}","templated":true}]}}