{"id":371431,"date":"2024-10-28T18:37:44","date_gmt":"2024-10-28T18:37:44","guid":{"rendered":"https:\/\/irankiuzona.lt\/product\/pneumatinis-slifuoklis-o3-6mm-jcb-2\/"},"modified":"2026-04-12T04:33:18","modified_gmt":"2026-04-12T04:33:18","slug":"pneumatinis-slifuoklis-o3-6mm-jcb-2","status":"publish","type":"product","link":"https:\/\/irankiuzona.lt\/ru\/product\/pneumatinis-slifuoklis-o3-6mm-jcb-2\/","title":{"rendered":"Pneumatinis \u0161lifuoklis \u00f83-6mm JCB"},"content":{"rendered":"<p>Max 25000 R.P.M.90 PSI6,3 BAR\u00f83-6mm<\/p>","protected":false},"excerpt":{"rendered":"<p>Pneumatinis \u0161lifuoklis \u00f83-6mm JCB<\/p>","protected":false},"featured_media":268648,"comment_status":"open","ping_status":"open","template":"","meta":[],"product_cat":[9676],"product_tag":[10143],"class_list":{"0":"post-371431","1":"product","2":"type-product","3":"status-publish","4":"has-post-thumbnail","6":"product_brand-jcb","7":"product_cat-pneumatiniai-slifuokliai-ju-priedai","8":"product_tag-jcb","10":"first","11":"outofstock","12":"purchasable","13":"product-type-simple"},"jetpack_sharing_enabled":true,"_links":{"self":[{"href":"https:\/\/irankiuzona.lt\/ru\/wp-json\/wp\/v2\/product\/371431","targetHints":{"allow":["GET"]}}],"collection":[{"href":"https:\/\/irankiuzona.lt\/ru\/wp-json\/wp\/v2\/product"}],"about":[{"href":"https:\/\/irankiuzona.lt\/ru\/wp-json\/wp\/v2\/types\/product"}],"replies":[{"embeddable":true,"href":"https:\/\/irankiuzona.lt\/ru\/wp-json\/wp\/v2\/comments?post=371431"}],"version-history":[{"count":1,"href":"https:\/\/irankiuzona.lt\/ru\/wp-json\/wp\/v2\/product\/371431\/revisions"}],"predecessor-version":[{"id":424705,"href":"https:\/\/irankiuzona.lt\/ru\/wp-json\/wp\/v2\/product\/371431\/revisions\/424705"}],"wp:featuredmedia":[{"embeddable":true,"href":"https:\/\/irankiuzona.lt\/ru\/wp-json\/wp\/v2\/media\/268648"}],"wp:attachment":[{"href":"https:\/\/irankiuzona.lt\/ru\/wp-json\/wp\/v2\/media?parent=371431"}],"wp:term":[{"taxonomy":"product_cat","embeddable":true,"href":"https:\/\/irankiuzona.lt\/ru\/wp-json\/wp\/v2\/product_cat?post=371431"},{"taxonomy":"product_tag","embeddable":true,"href":"https:\/\/irankiuzona.lt\/ru\/wp-json\/wp\/v2\/product_tag?post=371431"}],"curies":[{"name":"wp","href":"https:\/\/api.w.org\/{rel}","templated":true}]}}