{"id":371433,"date":"2024-10-28T18:38:16","date_gmt":"2024-10-28T18:38:16","guid":{"rendered":"https:\/\/irankiuzona.lt\/product\/pneumatine-terksle-3-8-68nm-kampine-3\/"},"modified":"2026-05-16T12:08:50","modified_gmt":"2026-05-16T12:08:50","slug":"pneumatine-terksle-3-8-68nm-kampine-3","status":"publish","type":"product","link":"https:\/\/irankiuzona.lt\/ru\/product\/pneumatine-terksle-3-8-68nm-kampine-3\/","title":{"rendered":"Pneumatin\u0117 terk\u0161l\u0117 3\/8&quot; 68Nm kampin\u0117"},"content":{"rendered":"<p>Prijungimo kvadratas: 3\/8&quot;Velkimo diopazonas: 13,5-47 NmMaks. velkimo riba: 68 NmLaisva eiga: 160 aps.\/min.Vid. oro \u0105naudos: 114 l\/min.Sl\u0117gis: 6,3 bar\u0173Igis: 265 mmSvoris: 1,04 kg.Oro \u017earnos diametras: 3\/8&#8242;;Garso stiprumas: 91 dBAVibracij\u0173 lygis: 3,9 m\/s2<\/p>","protected":false},"excerpt":{"rendered":"<p>Pneumatin\u0117 terk\u0161l\u0117 3\/8&quot; 68Nm kampin\u0117<\/p>","protected":false},"featured_media":268809,"comment_status":"open","ping_status":"open","template":"","meta":[],"product_cat":[9666],"product_tag":[9875],"class_list":{"0":"post-371433","1":"product","2":"type-product","3":"status-publish","4":"has-post-thumbnail","6":"product_brand-mighty-seven-m7","7":"product_cat-pneumo-rankenos-terksles","8":"product_tag-mighty-seven-m7","10":"first","11":"outofstock","12":"purchasable","13":"product-type-simple"},"jetpack_sharing_enabled":true,"_links":{"self":[{"href":"https:\/\/irankiuzona.lt\/ru\/wp-json\/wp\/v2\/product\/371433","targetHints":{"allow":["GET"]}}],"collection":[{"href":"https:\/\/irankiuzona.lt\/ru\/wp-json\/wp\/v2\/product"}],"about":[{"href":"https:\/\/irankiuzona.lt\/ru\/wp-json\/wp\/v2\/types\/product"}],"replies":[{"embeddable":true,"href":"https:\/\/irankiuzona.lt\/ru\/wp-json\/wp\/v2\/comments?post=371433"}],"version-history":[{"count":1,"href":"https:\/\/irankiuzona.lt\/ru\/wp-json\/wp\/v2\/product\/371433\/revisions"}],"predecessor-version":[{"id":424760,"href":"https:\/\/irankiuzona.lt\/ru\/wp-json\/wp\/v2\/product\/371433\/revisions\/424760"}],"wp:featuredmedia":[{"embeddable":true,"href":"https:\/\/irankiuzona.lt\/ru\/wp-json\/wp\/v2\/media\/268809"}],"wp:attachment":[{"href":"https:\/\/irankiuzona.lt\/ru\/wp-json\/wp\/v2\/media?parent=371433"}],"wp:term":[{"taxonomy":"product_cat","embeddable":true,"href":"https:\/\/irankiuzona.lt\/ru\/wp-json\/wp\/v2\/product_cat?post=371433"},{"taxonomy":"product_tag","embeddable":true,"href":"https:\/\/irankiuzona.lt\/ru\/wp-json\/wp\/v2\/product_tag?post=371433"}],"curies":[{"name":"wp","href":"https:\/\/api.w.org\/{rel}","templated":true}]}}