{"id":371435,"date":"2024-10-28T18:38:21","date_gmt":"2024-10-28T18:38:21","guid":{"rendered":"https:\/\/irankiuzona.lt\/product\/kebulo-tempejas-hidraulinis-4t-jcb-2\/"},"modified":"2026-05-16T13:01:29","modified_gmt":"2026-05-16T13:01:29","slug":"kebulo-tempejas-hidraulinis-4t-jcb-2","status":"publish","type":"product","link":"https:\/\/irankiuzona.lt\/ru\/product\/kebulo-tempejas-hidraulinis-4t-jcb-2\/","title":{"rendered":"K\u0117bulo temp\u0117jas hidraulinis 4T JCB"},"content":{"rendered":"<p>Universalus pritaikymas: \u012f \u0161\u012f ne\u0161iojam\u0105j\u012f hidraulin\u012f remonto rinkin\u012f \u012feina \u012fvair\u016bs komponentai, skirti kelti, stumti, traukti, lenkti, lyginti ir paskleisti. Tai \u201eviskas viename\u201c sprendimas j\u016bs\u0173 dirbtuvi\u0173 poreikiams.Keliamoji galia: 4 ton\u0173 keliamoji galia yra pakankamai galinga, kad b\u016bt\u0173 galima atlikti \u012fvairias automobili\u0173 remonto u\u017eduotis. Nesvarbu, ar dirbate su k\u0117bulo plok\u0161t\u0117mis, r\u0117mais ar komponentais, \u0161is rinkinys jums pad\u0117s.Prailginamieji vamzd\u017eiai: komplekte yra 20&quot;, 16&quot;, 9&quot;, 6&quot; ir 4&quot; ilginamieji vamzd\u017eiai, kuri\u0173 kiekvienas turi u\u017erakt\u0105, kad b\u016bt\u0173 galima greitai ir lengvai montuoti. Tai u\u017etikrina lankstum\u0105 ir pritaikym\u0105 \u012fvairiems remonto scenarijams.\u012evair\u016bs galvos priedai: su dantytu balneliu, i\u0161sipl\u0117timu plei\u0161tu, gumine galvute, plok\u0161\u010diu pagrindu, st\u016bmoklio pir\u0161tu, plei\u0161to galvute, V formos pagrindu, ki\u0161tuku jungtimi ir hidrauline \u017earna, \u0161is rinkinys suteikia plat\u0173 galvos pried\u0173 asortiment\u0105 \u012fvairiems remonto darbams. programos.Pirmiausia sauga: siurblyje \u012frengta automatin\u0117 perkrovos sistema, neleid\u017eianti pa\u017eeisti kra\u0161t\u0173 ir \u012frangos veikimo metu. Lanks\u010dioje galvut\u0117je yra nuolat suformuotas guminis padas, u\u017etikrinantis saug\u0173 sukibim\u0105 ir neleid\u017eiantis atsiskirti naudojimo metu.<\/p>","protected":false},"excerpt":{"rendered":"<p>K\u0117bulo temp\u0117jas hidraulinis 4T JCB<\/p>","protected":false},"featured_media":268821,"comment_status":"open","ping_status":"open","template":"","meta":[],"product_cat":[9671],"product_tag":[10143],"class_list":{"0":"post-371435","1":"product","2":"type-product","3":"status-publish","4":"has-post-thumbnail","6":"product_brand-jcb","7":"product_cat-tampymo-lankstymo-prietaisai","8":"product_tag-jcb","10":"first","11":"outofstock","12":"purchasable","13":"product-type-simple"},"jetpack_sharing_enabled":true,"_links":{"self":[{"href":"https:\/\/irankiuzona.lt\/ru\/wp-json\/wp\/v2\/product\/371435","targetHints":{"allow":["GET"]}}],"collection":[{"href":"https:\/\/irankiuzona.lt\/ru\/wp-json\/wp\/v2\/product"}],"about":[{"href":"https:\/\/irankiuzona.lt\/ru\/wp-json\/wp\/v2\/types\/product"}],"replies":[{"embeddable":true,"href":"https:\/\/irankiuzona.lt\/ru\/wp-json\/wp\/v2\/comments?post=371435"}],"version-history":[{"count":1,"href":"https:\/\/irankiuzona.lt\/ru\/wp-json\/wp\/v2\/product\/371435\/revisions"}],"predecessor-version":[{"id":424765,"href":"https:\/\/irankiuzona.lt\/ru\/wp-json\/wp\/v2\/product\/371435\/revisions\/424765"}],"wp:featuredmedia":[{"embeddable":true,"href":"https:\/\/irankiuzona.lt\/ru\/wp-json\/wp\/v2\/media\/268821"}],"wp:attachment":[{"href":"https:\/\/irankiuzona.lt\/ru\/wp-json\/wp\/v2\/media?parent=371435"}],"wp:term":[{"taxonomy":"product_cat","embeddable":true,"href":"https:\/\/irankiuzona.lt\/ru\/wp-json\/wp\/v2\/product_cat?post=371435"},{"taxonomy":"product_tag","embeddable":true,"href":"https:\/\/irankiuzona.lt\/ru\/wp-json\/wp\/v2\/product_tag?post=371435"}],"curies":[{"name":"wp","href":"https:\/\/api.w.org\/{rel}","templated":true}]}}