{"id":371447,"date":"2024-10-28T18:40:18","date_gmt":"2024-10-28T18:40:18","guid":{"rendered":"https:\/\/irankiuzona.lt\/product\/hidraulinis-presas-20ton-su-manometru-2\/"},"modified":"2026-04-12T04:33:44","modified_gmt":"2026-04-12T04:33:44","slug":"hidraulinis-presas-20ton-su-manometru-2","status":"publish","type":"product","link":"https:\/\/irankiuzona.lt\/ru\/product\/hidraulinis-presas-20ton-su-manometru-2\/","title":{"rendered":"Hidraulinis presas 20ton su manometru"},"content":{"rendered":"<p>Galia: 20 ton\u0173Darbin\u0117 eiga: 530 mmPavaros-pompos tipas: rankin\u0117 hidraulin\u0117Darbin\u0117 zona: 0-1260 mm \/ plotis 600 mmI\u0161matavimai: 1500 x 800 x 600 mmDarbo zonos plotis: 530 mmSvoris: 92 kg<\/p>","protected":false},"excerpt":{"rendered":"<p>Hidraulinis 20 ton\u0173 presas su manometru<\/p>","protected":false},"featured_media":311951,"comment_status":"open","ping_status":"open","template":"","meta":[],"product_cat":[9946],"product_tag":[10151],"class_list":{"0":"post-371447","1":"product","2":"type-product","3":"status-publish","4":"has-post-thumbnail","6":"product_brand-lenkija-tiekejas","7":"product_cat-hidrauliniai-presai","8":"product_tag-lenkija-tiekejas","10":"first","11":"instock","12":"purchasable","13":"product-type-simple"},"jetpack_sharing_enabled":true,"_links":{"self":[{"href":"https:\/\/irankiuzona.lt\/ru\/wp-json\/wp\/v2\/product\/371447","targetHints":{"allow":["GET"]}}],"collection":[{"href":"https:\/\/irankiuzona.lt\/ru\/wp-json\/wp\/v2\/product"}],"about":[{"href":"https:\/\/irankiuzona.lt\/ru\/wp-json\/wp\/v2\/types\/product"}],"replies":[{"embeddable":true,"href":"https:\/\/irankiuzona.lt\/ru\/wp-json\/wp\/v2\/comments?post=371447"}],"version-history":[{"count":1,"href":"https:\/\/irankiuzona.lt\/ru\/wp-json\/wp\/v2\/product\/371447\/revisions"}],"predecessor-version":[{"id":424959,"href":"https:\/\/irankiuzona.lt\/ru\/wp-json\/wp\/v2\/product\/371447\/revisions\/424959"}],"wp:featuredmedia":[{"embeddable":true,"href":"https:\/\/irankiuzona.lt\/ru\/wp-json\/wp\/v2\/media\/311951"}],"wp:attachment":[{"href":"https:\/\/irankiuzona.lt\/ru\/wp-json\/wp\/v2\/media?parent=371447"}],"wp:term":[{"taxonomy":"product_cat","embeddable":true,"href":"https:\/\/irankiuzona.lt\/ru\/wp-json\/wp\/v2\/product_cat?post=371447"},{"taxonomy":"product_tag","embeddable":true,"href":"https:\/\/irankiuzona.lt\/ru\/wp-json\/wp\/v2\/product_tag?post=371447"}],"curies":[{"name":"wp","href":"https:\/\/api.w.org\/{rel}","templated":true}]}}