{"id":371453,"date":"2024-10-28T18:41:58","date_gmt":"2024-10-28T18:41:58","guid":{"rendered":"https:\/\/irankiuzona.lt\/product\/spyruokliu-suspaudejas-mcpherson-su-apsauga-4\/"},"modified":"2026-04-14T18:50:35","modified_gmt":"2026-04-14T18:50:35","slug":"spyruokliu-suspaudejas-mcpherson-su-apsauga-4","status":"publish","type":"product","link":"https:\/\/irankiuzona.lt\/ru\/product\/spyruokliu-suspaudejas-mcpherson-su-apsauga-4\/","title":{"rendered":"Spyruokli\u0173 suspaud\u0117jas McPherson su apsauga"},"content":{"rendered":"<p>NESUKAMA SU SM\u016aGINIAIS VER\u017dLIAS\u016aKIAIS<br \/>\nUniversalus spyruokli\u0173 suspaudimo \u012franki\u0173 komplektas, tinka visoms Macpherson pakabos sistemoms tiek priekyje, tiek gale. Spaudimo plok\u0161t\u0117s yra plastifikuotos, kad b\u016bt\u0173 i\u0161vengta pa\u017eeidim\u0173. Galima naudoti tiek tiesioms, tiek k\u016bgin\u0117ms spyruokl\u0117ms. Netinka naudoti su pneumatiniams\/sm\u016bginiais ver\u017elias\u016bkiais!<br \/>\nSud\u0117tis:> Adapteris 30mm k\u016bgin\u0117ms spyruokl\u0117ms;> Tvirtas velenas, besit\u0119siantis iki 300 mm;> 2 suspaudimo plok\u0161t\u0117s 65 mm \u2013 125 mm (naudojimo diapazonas 80 mm \u2013 115 mm);> 2 suspaudimo plok\u0161t\u0117s 88 mm \u2013 160 mm (naudojimo diapazonas 110 mm \u2013 150 mm);Papildomi geltoni plastikiniai dangteliai gali apsaugoti amortizatoriaus pavir\u0161i\u0173.<\/p>","protected":false},"excerpt":{"rendered":"<p>Spyruokli\u0173 suspaud\u0117jas McPherson su apsauga<\/p>","protected":false},"featured_media":269766,"comment_status":"open","ping_status":"open","template":"","meta":[],"product_cat":[9723],"product_tag":[10130],"class_list":{"0":"post-371453","1":"product","2":"type-product","3":"status-publish","4":"has-post-thumbnail","6":"product_brand-satra-lenkija","7":"product_cat-spyruokliu-suspaudimo-irankiai","8":"product_tag-satra-lenkija","10":"first","11":"outofstock","12":"purchasable","13":"product-type-simple"},"jetpack_sharing_enabled":true,"_links":{"self":[{"href":"https:\/\/irankiuzona.lt\/ru\/wp-json\/wp\/v2\/product\/371453","targetHints":{"allow":["GET"]}}],"collection":[{"href":"https:\/\/irankiuzona.lt\/ru\/wp-json\/wp\/v2\/product"}],"about":[{"href":"https:\/\/irankiuzona.lt\/ru\/wp-json\/wp\/v2\/types\/product"}],"replies":[{"embeddable":true,"href":"https:\/\/irankiuzona.lt\/ru\/wp-json\/wp\/v2\/comments?post=371453"}],"version-history":[{"count":1,"href":"https:\/\/irankiuzona.lt\/ru\/wp-json\/wp\/v2\/product\/371453\/revisions"}],"predecessor-version":[{"id":425123,"href":"https:\/\/irankiuzona.lt\/ru\/wp-json\/wp\/v2\/product\/371453\/revisions\/425123"}],"wp:featuredmedia":[{"embeddable":true,"href":"https:\/\/irankiuzona.lt\/ru\/wp-json\/wp\/v2\/media\/269766"}],"wp:attachment":[{"href":"https:\/\/irankiuzona.lt\/ru\/wp-json\/wp\/v2\/media?parent=371453"}],"wp:term":[{"taxonomy":"product_cat","embeddable":true,"href":"https:\/\/irankiuzona.lt\/ru\/wp-json\/wp\/v2\/product_cat?post=371453"},{"taxonomy":"product_tag","embeddable":true,"href":"https:\/\/irankiuzona.lt\/ru\/wp-json\/wp\/v2\/product_tag?post=371453"}],"curies":[{"name":"wp","href":"https:\/\/api.w.org\/{rel}","templated":true}]}}