{"id":371463,"date":"2024-10-28T18:42:38","date_gmt":"2024-10-28T18:42:38","guid":{"rendered":"https:\/\/irankiuzona.lt\/product\/irankiu-komplektas-1-43-81-2-216daliu-cv-2\/"},"modified":"2026-04-15T20:14:31","modified_gmt":"2026-04-15T20:14:31","slug":"irankiu-komplektas-1-43-81-2-216daliu-cv-2","status":"publish","type":"product","link":"https:\/\/irankiuzona.lt\/ru\/product\/irankiu-komplektas-1-43-81-2-216daliu-cv-2\/","title":{"rendered":"\u012eranki\u0173 komplektas 1\/4+3\/8+1\/2 216dali\u0173 CV"},"content":{"rendered":"","protected":false},"excerpt":{"rendered":"<p>JCB-38841 \u012eranki\u0173 komplektas lagamine 1\/4 + 3\/8 + 1\/2 terk\u0161l\u0117mis, 216 dali\u0173. \u0160e\u0161iakamp\u0117s ir dvylikakamp\u0117s galvut\u0117s, rakt\u0173 komplektas.<\/p>","protected":false},"featured_media":298529,"comment_status":"open","ping_status":"closed","template":"","meta":[],"product_cat":[9491],"product_tag":[10143],"class_list":{"0":"post-371463","1":"product","2":"type-product","3":"status-publish","4":"has-post-thumbnail","6":"product_brand-jcb","7":"product_cat-kombinuoti-irankiu-komplektai-1-4-3-8-1-2","8":"product_tag-jcb","10":"first","11":"outofstock","12":"purchasable","13":"product-type-simple"},"jetpack_sharing_enabled":true,"_links":{"self":[{"href":"https:\/\/irankiuzona.lt\/ru\/wp-json\/wp\/v2\/product\/371463","targetHints":{"allow":["GET"]}}],"collection":[{"href":"https:\/\/irankiuzona.lt\/ru\/wp-json\/wp\/v2\/product"}],"about":[{"href":"https:\/\/irankiuzona.lt\/ru\/wp-json\/wp\/v2\/types\/product"}],"replies":[{"embeddable":true,"href":"https:\/\/irankiuzona.lt\/ru\/wp-json\/wp\/v2\/comments?post=371463"}],"version-history":[{"count":1,"href":"https:\/\/irankiuzona.lt\/ru\/wp-json\/wp\/v2\/product\/371463\/revisions"}],"predecessor-version":[{"id":425199,"href":"https:\/\/irankiuzona.lt\/ru\/wp-json\/wp\/v2\/product\/371463\/revisions\/425199"}],"wp:featuredmedia":[{"embeddable":true,"href":"https:\/\/irankiuzona.lt\/ru\/wp-json\/wp\/v2\/media\/298529"}],"wp:attachment":[{"href":"https:\/\/irankiuzona.lt\/ru\/wp-json\/wp\/v2\/media?parent=371463"}],"wp:term":[{"taxonomy":"product_cat","embeddable":true,"href":"https:\/\/irankiuzona.lt\/ru\/wp-json\/wp\/v2\/product_cat?post=371463"},{"taxonomy":"product_tag","embeddable":true,"href":"https:\/\/irankiuzona.lt\/ru\/wp-json\/wp\/v2\/product_tag?post=371463"}],"curies":[{"name":"wp","href":"https:\/\/api.w.org\/{rel}","templated":true}]}}