{"id":371477,"date":"2024-10-28T18:43:10","date_gmt":"2024-10-28T18:43:10","guid":{"rendered":"https:\/\/irankiuzona.lt\/product\/kombinuoto-rakto-pailgintojas-385mm\/"},"modified":"2026-04-20T18:24:43","modified_gmt":"2026-04-20T18:24:43","slug":"kombinuoto-rakto-pailgintojas-385mm","status":"publish","type":"product","link":"https:\/\/irankiuzona.lt\/ru\/product\/kombinuoto-rakto-pailgintojas-385mm\/","title":{"rendered":"Kombinuoto rakto pailgintojas 385mm"},"content":{"rendered":"<p>Didesnis svertas tvirtiems var\u017etams atsukti.Idealiai tinka darbui u\u017edarose erdv\u0117se.Skirtas naudoti su kombinuotais ver\u017eliarak\u010diais, \u017eiediniais ver\u017eliarak\u010diais, atvirais ver\u017eliarak\u010diais, L tipo raktais ir kt.Priklausomai nuo konstrukcijos tinka ver\u017eliarak\u010diams iki 41 mm<\/p>","protected":false},"excerpt":{"rendered":"<p>Kombinuoto rakto pailgintojas 385mm<\/p>","protected":false},"featured_media":371479,"comment_status":"open","ping_status":"open","template":"","meta":[],"product_cat":[9480],"product_tag":[9462],"class_list":{"0":"post-371477","1":"product","2":"type-product","3":"status-publish","4":"has-post-thumbnail","6":"product_brand-condor-werkzeug-vokietija","7":"product_cat-kombinuoti-raktai-po-1-vnt","8":"product_tag-condor-werkzeug-vokietija","10":"first","11":"instock","12":"purchasable","13":"product-type-simple"},"jetpack_sharing_enabled":true,"_links":{"self":[{"href":"https:\/\/irankiuzona.lt\/ru\/wp-json\/wp\/v2\/product\/371477","targetHints":{"allow":["GET"]}}],"collection":[{"href":"https:\/\/irankiuzona.lt\/ru\/wp-json\/wp\/v2\/product"}],"about":[{"href":"https:\/\/irankiuzona.lt\/ru\/wp-json\/wp\/v2\/types\/product"}],"replies":[{"embeddable":true,"href":"https:\/\/irankiuzona.lt\/ru\/wp-json\/wp\/v2\/comments?post=371477"}],"version-history":[{"count":1,"href":"https:\/\/irankiuzona.lt\/ru\/wp-json\/wp\/v2\/product\/371477\/revisions"}],"predecessor-version":[{"id":425248,"href":"https:\/\/irankiuzona.lt\/ru\/wp-json\/wp\/v2\/product\/371477\/revisions\/425248"}],"wp:featuredmedia":[{"embeddable":true,"href":"https:\/\/irankiuzona.lt\/ru\/wp-json\/wp\/v2\/media\/371479"}],"wp:attachment":[{"href":"https:\/\/irankiuzona.lt\/ru\/wp-json\/wp\/v2\/media?parent=371477"}],"wp:term":[{"taxonomy":"product_cat","embeddable":true,"href":"https:\/\/irankiuzona.lt\/ru\/wp-json\/wp\/v2\/product_cat?post=371477"},{"taxonomy":"product_tag","embeddable":true,"href":"https:\/\/irankiuzona.lt\/ru\/wp-json\/wp\/v2\/product_tag?post=371477"}],"curies":[{"name":"wp","href":"https:\/\/api.w.org\/{rel}","templated":true}]}}