{"id":371480,"date":"2024-10-28T18:43:14","date_gmt":"2024-10-28T18:43:14","guid":{"rendered":"https:\/\/irankiuzona.lt\/product\/spaustuvo-125mm-apsauga-2vnt-2\/"},"modified":"2026-04-22T10:29:21","modified_gmt":"2026-04-22T10:29:21","slug":"spaustuvo-125mm-apsauga-2vnt-2","status":"publish","type":"product","link":"https:\/\/irankiuzona.lt\/ru\/product\/spaustuvo-125mm-apsauga-2vnt-2\/","title":{"rendered":"Spaustuvo 125mm apsauga \/ 2vnt."},"content":{"rendered":"<p>Tinka spaustuvams &#8211; Condor c0077EX\/125 \/ C9476-125pagamintas i\u0161 TPU, skirtas \u0161velniai prispausti jautrius ruo\u0161inius, pvz. aliuminis, varis, plastikas, mediena\u012fvairios u\u017ever\u017eimo galimyb\u0117s su centravimu: horizontalus, 60\u00b0 ir vertikalus\u012fleid\u017eiami magnetai saugiam laikymui ant spaustuko<\/p>","protected":false},"excerpt":{"rendered":"<p>Spaustuvo 125mm apsauga \/ 2vnt.\u00a0<\/p>","protected":false},"featured_media":371482,"comment_status":"open","ping_status":"open","template":"","meta":[],"product_cat":[9635],"product_tag":[9462],"class_list":{"0":"post-371480","1":"product","2":"type-product","3":"status-publish","4":"has-post-thumbnail","6":"product_brand-condor-werkzeug-vokietija","7":"product_cat-saltkalvio-sukinejami","8":"product_tag-condor-werkzeug-vokietija","10":"first","11":"instock","12":"purchasable","13":"product-type-simple"},"jetpack_sharing_enabled":true,"_links":{"self":[{"href":"https:\/\/irankiuzona.lt\/ru\/wp-json\/wp\/v2\/product\/371480","targetHints":{"allow":["GET"]}}],"collection":[{"href":"https:\/\/irankiuzona.lt\/ru\/wp-json\/wp\/v2\/product"}],"about":[{"href":"https:\/\/irankiuzona.lt\/ru\/wp-json\/wp\/v2\/types\/product"}],"replies":[{"embeddable":true,"href":"https:\/\/irankiuzona.lt\/ru\/wp-json\/wp\/v2\/comments?post=371480"}],"version-history":[{"count":1,"href":"https:\/\/irankiuzona.lt\/ru\/wp-json\/wp\/v2\/product\/371480\/revisions"}],"predecessor-version":[{"id":425253,"href":"https:\/\/irankiuzona.lt\/ru\/wp-json\/wp\/v2\/product\/371480\/revisions\/425253"}],"wp:featuredmedia":[{"embeddable":true,"href":"https:\/\/irankiuzona.lt\/ru\/wp-json\/wp\/v2\/media\/371482"}],"wp:attachment":[{"href":"https:\/\/irankiuzona.lt\/ru\/wp-json\/wp\/v2\/media?parent=371480"}],"wp:term":[{"taxonomy":"product_cat","embeddable":true,"href":"https:\/\/irankiuzona.lt\/ru\/wp-json\/wp\/v2\/product_cat?post=371480"},{"taxonomy":"product_tag","embeddable":true,"href":"https:\/\/irankiuzona.lt\/ru\/wp-json\/wp\/v2\/product_tag?post=371480"}],"curies":[{"name":"wp","href":"https:\/\/api.w.org\/{rel}","templated":true}]}}