{"id":371486,"date":"2024-10-28T18:43:41","date_gmt":"2024-10-28T18:43:41","guid":{"rendered":"https:\/\/irankiuzona.lt\/product\/smuginiu-antgaliu-3-41-komplektas-su-ideklu-vezimeliui-16-daliu\/"},"modified":"2026-04-24T09:48:39","modified_gmt":"2026-04-24T09:48:39","slug":"smuginiu-antgaliu-3-41-komplektas-su-ideklu-vezimeliui-16-daliu","status":"publish","type":"product","link":"https:\/\/irankiuzona.lt\/ru\/product\/smuginiu-antgaliu-3-41-komplektas-su-ideklu-vezimeliui-16-daliu\/","title":{"rendered":"Sm\u016bgini\u0173 antgali\u0173 3\/4&quot;+1&quot; komplektas su \u012fd\u0117klu ve\u017eim\u0117liui 16 dali\u0173"},"content":{"rendered":"<p>tx-star E18x110 mmtx-star E20x110 mmtx-star E22x110 mmtx-star E24x110 mmtx-star T60x110 mmtx-star T70x110 mmtx-star T80x110 mmtx-star T90x110 mmtx-star T100x110 mmhex, hexagon 17&#215;110 mmhex, hexagon 19&#215;110 mmhex, hexagon 22&#215;110 mmhex, hexagon 24&#215;110 mmLaikiklis-3\/4&quot; &#8211; 1&quot;<\/p>","protected":false},"excerpt":{"rendered":"<p>Sm\u016bgini\u0173 antgali\u0173 3\/4&quot;+1&quot; komplektas su \u012fd\u0117klu ve\u017eim\u0117liui 16 dali\u0173<\/p>","protected":false},"featured_media":371488,"comment_status":"open","ping_status":"open","template":"","meta":[],"product_cat":[9870],"product_tag":[9462],"class_list":{"0":"post-371486","1":"product","2":"type-product","3":"status-publish","4":"has-post-thumbnail","6":"product_brand-condor-werkzeug-vokietija","7":"product_cat-deklai-i-vezimus-su-irankiais-ir-tusti","8":"product_tag-condor-werkzeug-vokietija","10":"first","11":"instock","12":"purchasable","13":"product-type-simple"},"jetpack_sharing_enabled":true,"_links":{"self":[{"href":"https:\/\/irankiuzona.lt\/ru\/wp-json\/wp\/v2\/product\/371486","targetHints":{"allow":["GET"]}}],"collection":[{"href":"https:\/\/irankiuzona.lt\/ru\/wp-json\/wp\/v2\/product"}],"about":[{"href":"https:\/\/irankiuzona.lt\/ru\/wp-json\/wp\/v2\/types\/product"}],"replies":[{"embeddable":true,"href":"https:\/\/irankiuzona.lt\/ru\/wp-json\/wp\/v2\/comments?post=371486"}],"version-history":[{"count":1,"href":"https:\/\/irankiuzona.lt\/ru\/wp-json\/wp\/v2\/product\/371486\/revisions"}],"predecessor-version":[{"id":425296,"href":"https:\/\/irankiuzona.lt\/ru\/wp-json\/wp\/v2\/product\/371486\/revisions\/425296"}],"wp:featuredmedia":[{"embeddable":true,"href":"https:\/\/irankiuzona.lt\/ru\/wp-json\/wp\/v2\/media\/371488"}],"wp:attachment":[{"href":"https:\/\/irankiuzona.lt\/ru\/wp-json\/wp\/v2\/media?parent=371486"}],"wp:term":[{"taxonomy":"product_cat","embeddable":true,"href":"https:\/\/irankiuzona.lt\/ru\/wp-json\/wp\/v2\/product_cat?post=371486"},{"taxonomy":"product_tag","embeddable":true,"href":"https:\/\/irankiuzona.lt\/ru\/wp-json\/wp\/v2\/product_tag?post=371486"}],"curies":[{"name":"wp","href":"https:\/\/api.w.org\/{rel}","templated":true}]}}