{"id":371555,"date":"2024-10-28T18:44:51","date_gmt":"2024-10-28T18:44:51","guid":{"rendered":"https:\/\/irankiuzona.lt\/product\/hibridines-prailgintos-universalios-reples-10in1\/"},"modified":"2026-05-15T15:43:34","modified_gmt":"2026-05-15T15:43:34","slug":"hibridines-prailgintos-universalios-reples-10in1","status":"publish","type":"product","link":"https:\/\/irankiuzona.lt\/ru\/product\/hibridines-prailgintos-universalios-reples-10in1\/","title":{"rendered":"Hibridin\u0117s prailgintos universalios repl\u0117s (10in1)"},"content":{"rendered":"<p>Universalus 10 viename \u012frankis, apjungiantis daugyb\u0119 funkcij\u0173, leid\u017eia patogiai ir greitai atlikti \u012fvairias u\u017eduotis. Frezuotas repli\u0173 galas leid\u017eia suspausti mink\u0161tas med\u017eiagas, laikyti iki 50 mm skersmens daiktus, suspausti, sukti, traukti ir sugriebti. Be to, j\u0173 apvali forma leid\u017eia susukti laid\u0105. D\u0117l asimetrini\u0173 grioveli\u0173 apvalus gabalo laikiklis leid\u017eia tvir\u010diau sugriebti daikt\u0105 ar ver\u017el\u0119. D\u0117l tiksliai nupjaut\u0173 a\u0161men\u0173 elektros laid\u0173 izoliacijos nu\u0117miklis nepa\u017eeid\u017eia \u0161erdies. Kieti peiliai leid\u017eia lengvai pjauti kabel\u012f. Pjaustykl\u0117 leid\u017eia sutrumpinti 6-32 ir 8-32 dyd\u017ei\u0173 kniedes. Presavimo \u012frankis u\u017etikrina nuolatin\u012f 0,75-1,5 ir 1,5-2,5 mm\u00b2 elektros kabelio galini\u0173 mov\u0173 apdirbim\u0105. Auk\u0161tos kokyb\u0117s, tolygiai gr\u016bdintas chromo-vanad\u017eio plienas leid\u017eia intensyviai naudoti reples sunkiems darbams, kuriems reikalingas auk\u0161tas sl\u0117gis. Pa\u017eangus indukcinio terminio apdorojimo procesas suteikia \u012frankiui didel\u012f kietum\u0105, kuris neleid\u017eia peiliams tapti bukiais. Gerai apgalvota geometrija palengvina pjovim\u0105. Smulkiai \u0161lifuoti, kieti darbiniai pavir\u0161iai ir dantys leid\u017eia tiksliai dirbti. Ergonomi\u0161ki rankenos pamu\u0161alai, pagaminti i\u0161 pa\u017eeidimams atsparios ir mink\u0161tos TPU med\u017eiagos, suteikia didel\u012f komfort\u0105 ilgai dirbant.<br \/>\nizoliacijos nu\u0117mimo diapazonas AWG \u2013 8 \/ 10 \/ 12 \/ 14 \/ 16 \/ 18izoliacijos nu\u0117mimo diapazonas \u2013 1 \/ 1,3 \/ 1,6 \/ 2 \/ 2,6 \/ 3,2 mmelektros gnybt\u0173 u\u017ever\u017eimo diapazonas \u2013 0,75-1,5 \/ 1,5-2,5 mm\u00b2var\u017eto sriegio dydis UNC \u2013 6-32, 8-32\u017eandikaulio kietumas \u2013 43-48 HRCa\u0161men\u0173 kietumas \u2013 58-63 HRCrepli\u0173 med\u017eiaga \u2013 CRV 60 plienasrankenos pamu\u0161alo med\u017eiaga \u2013 TPEilgis \u2013 200 mmplotis \u2013 55 mmfunkcijos &#8211; 1. laikymas &#8211; 2. suspaudimas &#8211; 3. kirpimas &#8211; 4. sugriebimas &#8211; 5. lenkimas &#8211; 6. izoliacijos nu\u0117mimas &#8211; 7. terminalo jungtis &#8211; 8. var\u017et\u0173 ir knied\u017ei\u0173 sutrumpinimas &#8211; 9. suver\u017eimas &#8211; 10. vielos kilpa.<\/p>","protected":false},"excerpt":{"rendered":"<p>Hibridin\u0117s prailgintos universalios repl\u0117s (10in1)<\/p>","protected":false},"featured_media":371557,"comment_status":"open","ping_status":"open","template":"","meta":[],"product_cat":[9660],"product_tag":[9969],"class_list":{"0":"post-371555","1":"product","2":"type-product","3":"status-publish","4":"has-post-thumbnail","6":"product_brand-hogert-technik-vokietija","7":"product_cat-reples-universalios","8":"product_tag-hogert-technik-vokietija","10":"first","11":"instock","12":"purchasable","13":"product-type-simple"},"jetpack_sharing_enabled":true,"_links":{"self":[{"href":"https:\/\/irankiuzona.lt\/ru\/wp-json\/wp\/v2\/product\/371555","targetHints":{"allow":["GET"]}}],"collection":[{"href":"https:\/\/irankiuzona.lt\/ru\/wp-json\/wp\/v2\/product"}],"about":[{"href":"https:\/\/irankiuzona.lt\/ru\/wp-json\/wp\/v2\/types\/product"}],"replies":[{"embeddable":true,"href":"https:\/\/irankiuzona.lt\/ru\/wp-json\/wp\/v2\/comments?post=371555"}],"version-history":[{"count":1,"href":"https:\/\/irankiuzona.lt\/ru\/wp-json\/wp\/v2\/product\/371555\/revisions"}],"predecessor-version":[{"id":425371,"href":"https:\/\/irankiuzona.lt\/ru\/wp-json\/wp\/v2\/product\/371555\/revisions\/425371"}],"wp:featuredmedia":[{"embeddable":true,"href":"https:\/\/irankiuzona.lt\/ru\/wp-json\/wp\/v2\/media\/371557"}],"wp:attachment":[{"href":"https:\/\/irankiuzona.lt\/ru\/wp-json\/wp\/v2\/media?parent=371555"}],"wp:term":[{"taxonomy":"product_cat","embeddable":true,"href":"https:\/\/irankiuzona.lt\/ru\/wp-json\/wp\/v2\/product_cat?post=371555"},{"taxonomy":"product_tag","embeddable":true,"href":"https:\/\/irankiuzona.lt\/ru\/wp-json\/wp\/v2\/product_tag?post=371555"}],"curies":[{"name":"wp","href":"https:\/\/api.w.org\/{rel}","templated":true}]}}