{"id":371564,"date":"2024-10-28T18:45:01","date_gmt":"2024-10-28T18:45:01","guid":{"rendered":"https:\/\/irankiuzona.lt\/product\/darbo-dirzas-laikiklis-irankiams-su-petnesomis\/"},"modified":"2026-05-10T07:28:18","modified_gmt":"2026-05-10T07:28:18","slug":"darbo-dirzas-laikiklis-irankiams-su-petnesomis","status":"publish","type":"product","link":"https:\/\/irankiuzona.lt\/ru\/product\/darbo-dirzas-laikiklis-irankiams-su-petnesomis\/","title":{"rendered":"Darbo dir\u017eas-laikiklis \u012frankiams su petne\u0161omis"},"content":{"rendered":"<p>Med\u017eiaga: 600D poliesteris;23 \u012fvairaus dyd\u017eio ki\u0161en\u0117s, i\u0161 j\u0173 3 ki\u0161en\u0117s vinims ar kitiems smulkiems pana\u0161ios konstrukcijos elementams;metalinis plaktuko laikiklis.<\/p>","protected":false},"excerpt":{"rendered":"<p>Darbo dir\u017eas-laikiklis \u012frankiams su petne\u0161omis<\/p>","protected":false},"featured_media":371566,"comment_status":"open","ping_status":"open","template":"","meta":[],"product_cat":[9831],"product_tag":[9969],"class_list":{"0":"post-371564","1":"product","2":"type-product","3":"status-publish","4":"has-post-thumbnail","6":"product_brand-hogert-technik-vokietija","7":"product_cat-irankiu-dezes-krepsiai-kuprines-dirzai","8":"product_tag-hogert-technik-vokietija","10":"first","11":"instock","12":"purchasable","13":"product-type-simple"},"jetpack_sharing_enabled":true,"_links":{"self":[{"href":"https:\/\/irankiuzona.lt\/ru\/wp-json\/wp\/v2\/product\/371564","targetHints":{"allow":["GET"]}}],"collection":[{"href":"https:\/\/irankiuzona.lt\/ru\/wp-json\/wp\/v2\/product"}],"about":[{"href":"https:\/\/irankiuzona.lt\/ru\/wp-json\/wp\/v2\/types\/product"}],"replies":[{"embeddable":true,"href":"https:\/\/irankiuzona.lt\/ru\/wp-json\/wp\/v2\/comments?post=371564"}],"version-history":[{"count":1,"href":"https:\/\/irankiuzona.lt\/ru\/wp-json\/wp\/v2\/product\/371564\/revisions"}],"predecessor-version":[{"id":425381,"href":"https:\/\/irankiuzona.lt\/ru\/wp-json\/wp\/v2\/product\/371564\/revisions\/425381"}],"wp:featuredmedia":[{"embeddable":true,"href":"https:\/\/irankiuzona.lt\/ru\/wp-json\/wp\/v2\/media\/371566"}],"wp:attachment":[{"href":"https:\/\/irankiuzona.lt\/ru\/wp-json\/wp\/v2\/media?parent=371564"}],"wp:term":[{"taxonomy":"product_cat","embeddable":true,"href":"https:\/\/irankiuzona.lt\/ru\/wp-json\/wp\/v2\/product_cat?post=371564"},{"taxonomy":"product_tag","embeddable":true,"href":"https:\/\/irankiuzona.lt\/ru\/wp-json\/wp\/v2\/product_tag?post=371564"}],"curies":[{"name":"wp","href":"https:\/\/api.w.org\/{rel}","templated":true}]}}