{"id":371570,"date":"2024-10-28T18:45:10","date_gmt":"2024-10-28T18:45:10","guid":{"rendered":"https:\/\/irankiuzona.lt\/product\/multifunkcines-universalios-reples-10in1\/"},"modified":"2026-05-10T07:28:19","modified_gmt":"2026-05-10T07:28:19","slug":"multifunkcines-universalios-reples-10in1","status":"publish","type":"product","link":"https:\/\/irankiuzona.lt\/ru\/product\/multifunkcines-universalios-reples-10in1\/","title":{"rendered":"Multifunkcin\u0117s universalios repl\u0117s (10in1)"},"content":{"rendered":"<p>Universalus 9 viename \u012frankis, apjungiantis daugyb\u0119 nauding\u0173 funkcij\u0173, leid\u017eian\u010di\u0173 patogiai ir greitai atlikti \u012fvairaus pob\u016bd\u017eio darbus. Sutaupysite vietos keliems \u012frankiams ir suma\u017einsite \u012franki\u0173 krep\u0161io svor\u012f. Platus repli\u0173 galas leid\u017eia saugiai suspausti mink\u0161tas med\u017eiagas, laikyti daiktus iki 50 mm skersmens, suspausti, pasukti, i\u0161traukti ir sugriebti. I\u0161oriniame, vir\u0161utiniame repli\u0173 pavir\u0161iuje yra dild\u0117, kuri leid\u017eia pa\u0161alinti \u012fdubimus ir smulkius nelygumus. Griebtuvas u\u017etikrina nuolatin\u012f elektros kabeli\u0173 0,5-1,0 ir 1,5-2,5 mm2 mov\u0173 gal\u0173 apdirbim\u0105. Elektros laid\u0173 izoliacijos nu\u0117miklis d\u0117l tiksliai nupjaut\u0173 a\u0161men\u0173 nepa\u017eeid\u017eia \u0161erdies nuo 1 iki 2,6 mm. Auk\u0161tos kokyb\u0117s, tolygiai gr\u016bdintas chomio-vanad\u017eio plienas leid\u017eia intensyviai naudoti reples sunkiems darbams, kuriems reikalingas auk\u0161tas sl\u0117gis. Pa\u017eangus indukcinio terminio apdorojimo procesas suteikia \u012frankiui didel\u012f kietum\u0105, kuris neleid\u017eia peiliams tapti bukiais. J\u0173 gerai apgalvota geometrija palengvina pjovim\u0105. Kruop\u0161\u010diai \u0161lifuoti, kietai dirbantys pavir\u0161iai ir dantys leid\u017eia tiksliai dirbti. Ergonomi\u0161ki rankenos pamu\u0161alai, pagaminti i\u0161 pa\u017eeidimams atsparios ir mink\u0161tos TPU med\u017eiagos, suteikia didel\u012f komfort\u0105 ilgai dirbant.<\/p>","protected":false},"excerpt":{"rendered":"<p>Multifunkcin\u0117s universalios repl\u0117s (10in1)<\/p>","protected":false},"featured_media":371572,"comment_status":"open","ping_status":"open","template":"","meta":[],"product_cat":[9660],"product_tag":[9969],"class_list":{"0":"post-371570","1":"product","2":"type-product","3":"status-publish","4":"has-post-thumbnail","6":"product_brand-hogert-technik-vokietija","7":"product_cat-reples-universalios","8":"product_tag-hogert-technik-vokietija","10":"first","11":"instock","12":"purchasable","13":"product-type-simple"},"jetpack_sharing_enabled":true,"_links":{"self":[{"href":"https:\/\/irankiuzona.lt\/ru\/wp-json\/wp\/v2\/product\/371570","targetHints":{"allow":["GET"]}}],"collection":[{"href":"https:\/\/irankiuzona.lt\/ru\/wp-json\/wp\/v2\/product"}],"about":[{"href":"https:\/\/irankiuzona.lt\/ru\/wp-json\/wp\/v2\/types\/product"}],"replies":[{"embeddable":true,"href":"https:\/\/irankiuzona.lt\/ru\/wp-json\/wp\/v2\/comments?post=371570"}],"version-history":[{"count":1,"href":"https:\/\/irankiuzona.lt\/ru\/wp-json\/wp\/v2\/product\/371570\/revisions"}],"predecessor-version":[{"id":425390,"href":"https:\/\/irankiuzona.lt\/ru\/wp-json\/wp\/v2\/product\/371570\/revisions\/425390"}],"wp:featuredmedia":[{"embeddable":true,"href":"https:\/\/irankiuzona.lt\/ru\/wp-json\/wp\/v2\/media\/371572"}],"wp:attachment":[{"href":"https:\/\/irankiuzona.lt\/ru\/wp-json\/wp\/v2\/media?parent=371570"}],"wp:term":[{"taxonomy":"product_cat","embeddable":true,"href":"https:\/\/irankiuzona.lt\/ru\/wp-json\/wp\/v2\/product_cat?post=371570"},{"taxonomy":"product_tag","embeddable":true,"href":"https:\/\/irankiuzona.lt\/ru\/wp-json\/wp\/v2\/product_tag?post=371570"}],"curies":[{"name":"wp","href":"https:\/\/api.w.org\/{rel}","templated":true}]}}