{"id":371582,"date":"2024-10-28T18:45:28","date_gmt":"2024-10-28T18:45:28","guid":{"rendered":"https:\/\/irankiuzona.lt\/product\/darbo-dirzas-laikiklis-irankiams-2\/"},"modified":"2026-05-13T23:10:46","modified_gmt":"2026-05-13T23:10:46","slug":"darbo-dirzas-laikiklis-irankiams-2","status":"publish","type":"product","link":"https:\/\/irankiuzona.lt\/ru\/product\/darbo-dirzas-laikiklis-irankiams-2\/","title":{"rendered":"Darbo dir\u017eas-laikiklis \u012frankiams"},"content":{"rendered":"<p>600D poliesteris;\u012frengta 11 \u012fvairaus dyd\u017eio ki\u0161eni\u0173;2 papildomos kilpos idealiai tinka ne\u0161tis papildomus \u012frankius ar med\u017eiagas, suteikiant papildomos vietos sand\u0117liavimui;2 metaliniai plaktuko laikikliai;<\/p>","protected":false},"excerpt":{"rendered":"<p>Darbo dir\u017eas-laikiklis \u012frankiams<\/p>","protected":false},"featured_media":371584,"comment_status":"open","ping_status":"open","template":"","meta":[],"product_cat":[9831],"product_tag":[9969],"class_list":{"0":"post-371582","1":"product","2":"type-product","3":"status-publish","4":"has-post-thumbnail","6":"product_brand-hogert-technik-vokietija","7":"product_cat-irankiu-dezes-krepsiai-kuprines-dirzai","8":"product_tag-hogert-technik-vokietija","10":"first","11":"instock","12":"purchasable","13":"product-type-simple"},"jetpack_sharing_enabled":true,"_links":{"self":[{"href":"https:\/\/irankiuzona.lt\/ru\/wp-json\/wp\/v2\/product\/371582","targetHints":{"allow":["GET"]}}],"collection":[{"href":"https:\/\/irankiuzona.lt\/ru\/wp-json\/wp\/v2\/product"}],"about":[{"href":"https:\/\/irankiuzona.lt\/ru\/wp-json\/wp\/v2\/types\/product"}],"replies":[{"embeddable":true,"href":"https:\/\/irankiuzona.lt\/ru\/wp-json\/wp\/v2\/comments?post=371582"}],"version-history":[{"count":1,"href":"https:\/\/irankiuzona.lt\/ru\/wp-json\/wp\/v2\/product\/371582\/revisions"}],"predecessor-version":[{"id":425411,"href":"https:\/\/irankiuzona.lt\/ru\/wp-json\/wp\/v2\/product\/371582\/revisions\/425411"}],"wp:featuredmedia":[{"embeddable":true,"href":"https:\/\/irankiuzona.lt\/ru\/wp-json\/wp\/v2\/media\/371584"}],"wp:attachment":[{"href":"https:\/\/irankiuzona.lt\/ru\/wp-json\/wp\/v2\/media?parent=371582"}],"wp:term":[{"taxonomy":"product_cat","embeddable":true,"href":"https:\/\/irankiuzona.lt\/ru\/wp-json\/wp\/v2\/product_cat?post=371582"},{"taxonomy":"product_tag","embeddable":true,"href":"https:\/\/irankiuzona.lt\/ru\/wp-json\/wp\/v2\/product_tag?post=371582"}],"curies":[{"name":"wp","href":"https:\/\/api.w.org\/{rel}","templated":true}]}}