{"id":371601,"date":"2024-10-28T18:46:26","date_gmt":"2024-10-28T18:46:26","guid":{"rendered":"https:\/\/irankiuzona.lt\/product\/zirkles-genejimui-1-8m-2-4-1\/"},"modified":"2026-05-09T04:21:38","modified_gmt":"2026-05-09T04:21:38","slug":"zirkles-genejimui-1-8m-2-4-1","status":"publish","type":"product","link":"https:\/\/irankiuzona.lt\/ru\/product\/zirkles-genejimui-1-8m-2-4-1\/","title":{"rendered":"\u017dirkl\u0117s gen\u0117jimui 1.8m-2.4  1&#8221;"},"content":{"rendered":"<p>Teleskopinis gen\u0117jimas su 1,8-3 m pj\u016bklu.Leid\u017eia tiksliai ir lengvai pjauti med\u017ei\u0173 \u0161akas, nenaudojant kop\u0117\u010di\u0173. Maksimalaus 2,4 m ilgio str\u0117l\u0117 leid\u017eia pasirinkti patogiausi\u0105 darbin\u0119 pad\u0117t\u012f ir efektyviai veikia iki 3 m.Leid\u017eia pjauti iki 65 mm skerspj\u016bvio \u0161akas.<\/p>","protected":false},"excerpt":{"rendered":"<p>\u017dirkl\u0117s gen\u0117jimui 1.8m-2.4\u00a0 1&#8221;<\/p>","protected":false},"featured_media":371603,"comment_status":"open","ping_status":"open","template":"","meta":[],"product_cat":[9944],"product_tag":[9716],"class_list":{"0":"post-371601","1":"product","2":"type-product","3":"status-publish","4":"has-post-thumbnail","6":"product_brand-jufisto-lenkija","7":"product_cat-sodo-darzo-irankiai","8":"product_tag-jufisto-lenkija","10":"first","11":"instock","12":"purchasable","13":"product-type-simple"},"jetpack_sharing_enabled":true,"_links":{"self":[{"href":"https:\/\/irankiuzona.lt\/ru\/wp-json\/wp\/v2\/product\/371601","targetHints":{"allow":["GET"]}}],"collection":[{"href":"https:\/\/irankiuzona.lt\/ru\/wp-json\/wp\/v2\/product"}],"about":[{"href":"https:\/\/irankiuzona.lt\/ru\/wp-json\/wp\/v2\/types\/product"}],"replies":[{"embeddable":true,"href":"https:\/\/irankiuzona.lt\/ru\/wp-json\/wp\/v2\/comments?post=371601"}],"version-history":[{"count":1,"href":"https:\/\/irankiuzona.lt\/ru\/wp-json\/wp\/v2\/product\/371601\/revisions"}],"predecessor-version":[{"id":425501,"href":"https:\/\/irankiuzona.lt\/ru\/wp-json\/wp\/v2\/product\/371601\/revisions\/425501"}],"wp:featuredmedia":[{"embeddable":true,"href":"https:\/\/irankiuzona.lt\/ru\/wp-json\/wp\/v2\/media\/371603"}],"wp:attachment":[{"href":"https:\/\/irankiuzona.lt\/ru\/wp-json\/wp\/v2\/media?parent=371601"}],"wp:term":[{"taxonomy":"product_cat","embeddable":true,"href":"https:\/\/irankiuzona.lt\/ru\/wp-json\/wp\/v2\/product_cat?post=371601"},{"taxonomy":"product_tag","embeddable":true,"href":"https:\/\/irankiuzona.lt\/ru\/wp-json\/wp\/v2\/product_tag?post=371601"}],"curies":[{"name":"wp","href":"https:\/\/api.w.org\/{rel}","templated":true}]}}